{"id":1834,"date":"2020-09-01T19:52:06","date_gmt":"2020-09-01T19:52:06","guid":{"rendered":"http:\/\/www.vsbadschoenau.ac.at\/?page_id=1834"},"modified":"2025-09-30T09:01:57","modified_gmt":"2025-09-30T09:01:57","slug":"leitung","status":"publish","type":"page","link":"http:\/\/www.vsbadschoenau.ac.at\/?page_id=1834","title":{"rendered":"Leitung"},"content":{"rendered":"<div class=\"wp-block-image is-style-default\">\n<figure class=\"aligncenter size-medium\"><img decoding=\"async\" loading=\"lazy\" width=\"209\" height=\"300\" src=\"https:\/\/www.vsbadschoenau.ac.at\/wp-content\/uploads\/2025\/09\/VSBS25_L_0006-209x300.jpg\" alt=\"\" class=\"wp-image-4186\" srcset=\"http:\/\/www.vsbadschoenau.ac.at\/wp-content\/uploads\/2025\/09\/VSBS25_L_0006-209x300.jpg 209w, http:\/\/www.vsbadschoenau.ac.at\/wp-content\/uploads\/2025\/09\/VSBS25_L_0006-714x1024.jpg 714w, http:\/\/www.vsbadschoenau.ac.at\/wp-content\/uploads\/2025\/09\/VSBS25_L_0006-768x1101.jpg 768w, http:\/\/www.vsbadschoenau.ac.at\/wp-content\/uploads\/2025\/09\/VSBS25_L_0006-1072x1536.jpg 1072w, http:\/\/www.vsbadschoenau.ac.at\/wp-content\/uploads\/2025\/09\/VSBS25_L_0006-1429x2048.jpg 1429w, http:\/\/www.vsbadschoenau.ac.at\/wp-content\/uploads\/2025\/09\/VSBS25_L_0006.jpg 1500w\" sizes=\"(max-width: 209px) 100vw, 209px\" \/><\/figure><\/div>\n\n\n<p class=\"has-text-align-center\">\u201eEntwicklung ist wie ein Flug in Richtung wachsender Unabh\u00e4ngigkeit.<\/p>\n\n\n\n<p class=\"has-text-align-center\">Sie fliegt wie ein Pfeil geradeaus, schnell und zuverl\u00e4ssig.\u201c<\/p>\n\n\n\n<p class=\"has-text-align-center\">Gem\u00e4\u00df dem Zitat von Maria Montessori m\u00f6chte ich meine Aufgabe als betraute Leiterin der VS Bad Sch\u00f6nau aus\u00fcben, und Sie recht herzlich auf unserer Homepage begr\u00fc\u00dfen.<\/p>\n\n\n\n<p class=\"has-text-align-center\">VD Elke Mayer-Rudolf<\/p>\n\n\n\n<p class=\"has-text-align-center\">Zur\u00fcck zur <a href=\"http:\/\/www.vsbadschoenau.ac.at\/\">Startseite<\/a><\/p>\n","protected":false},"excerpt":{"rendered":"<p>\u201eEntwicklung ist wie ein Flug in Richtung wachsender Unabh\u00e4ngigkeit. Sie fliegt wie ein Pfeil geradeaus, schnell und zuverl\u00e4ssig.\u201c Gem\u00e4\u00df dem Zitat von Maria Montessori m\u00f6chte ich meine Aufgabe als betraute Leiterin der VS Bad Sch\u00f6nau aus\u00fcben, und Sie recht herzlich auf unserer Homepage begr\u00fc\u00dfen. VD Elke Mayer-Rudolf Zur\u00fcck zur Startseite<\/p>\n","protected":false},"author":1,"featured_media":0,"parent":0,"menu_order":0,"comment_status":"closed","ping_status":"closed","template":"","meta":[],"_links":{"self":[{"href":"http:\/\/www.vsbadschoenau.ac.at\/index.php?rest_route=\/wp\/v2\/pages\/1834"}],"collection":[{"href":"http:\/\/www.vsbadschoenau.ac.at\/index.php?rest_route=\/wp\/v2\/pages"}],"about":[{"href":"http:\/\/www.vsbadschoenau.ac.at\/index.php?rest_route=\/wp\/v2\/types\/page"}],"author":[{"embeddable":true,"href":"http:\/\/www.vsbadschoenau.ac.at\/index.php?rest_route=\/wp\/v2\/users\/1"}],"replies":[{"embeddable":true,"href":"http:\/\/www.vsbadschoenau.ac.at\/index.php?rest_route=%2Fwp%2Fv2%2Fcomments&post=1834"}],"version-history":[{"count":10,"href":"http:\/\/www.vsbadschoenau.ac.at\/index.php?rest_route=\/wp\/v2\/pages\/1834\/revisions"}],"predecessor-version":[{"id":4188,"href":"http:\/\/www.vsbadschoenau.ac.at\/index.php?rest_route=\/wp\/v2\/pages\/1834\/revisions\/4188"}],"wp:attachment":[{"href":"http:\/\/www.vsbadschoenau.ac.at\/index.php?rest_route=%2Fwp%2Fv2%2Fmedia&parent=1834"}],"curies":[{"name":"wp","href":"https:\/\/api.w.org\/{rel}","templated":true}]}}