{"id":3090,"date":"2022-10-06T09:13:36","date_gmt":"2022-10-06T09:13:36","guid":{"rendered":"http:\/\/www.vsbadschoenau.ac.at\/?page_id=3090"},"modified":"2022-10-20T07:39:19","modified_gmt":"2022-10-20T07:39:19","slug":"gesundheitstag","status":"publish","type":"page","link":"http:\/\/www.vsbadschoenau.ac.at\/?page_id=3090","title":{"rendered":"Gesundheitstag"},"content":{"rendered":"\n<figure class=\"is-layout-flex wp-block-gallery-1 wp-block-gallery has-nested-images columns-1 is-cropped\">\n<figure class=\"wp-block-image size-large is-style-default\"><img decoding=\"async\" loading=\"lazy\" width=\"1024\" height=\"768\" data-id=\"3091\"  src=\"http:\/\/www.vsbadschoenau.ac.at\/wp-content\/uploads\/2022\/10\/IMG-20221005-WA0009.jpg\" alt=\"\" class=\"wp-image-3091\" srcset=\"http:\/\/www.vsbadschoenau.ac.at\/wp-content\/uploads\/2022\/10\/IMG-20221005-WA0009.jpg 1024w, http:\/\/www.vsbadschoenau.ac.at\/wp-content\/uploads\/2022\/10\/IMG-20221005-WA0009-300x225.jpg 300w, http:\/\/www.vsbadschoenau.ac.at\/wp-content\/uploads\/2022\/10\/IMG-20221005-WA0009-768x576.jpg 768w\" sizes=\"(max-width: 1024px) 100vw, 1024px\" \/><\/figure>\n\n\n\n<figure class=\"wp-block-image size-large is-style-default\"><img decoding=\"async\" loading=\"lazy\" width=\"1024\" height=\"768\" data-id=\"3092\"  src=\"http:\/\/www.vsbadschoenau.ac.at\/wp-content\/uploads\/2022\/10\/IMG-20221005-WA0011.jpg\" alt=\"\" class=\"wp-image-3092\" srcset=\"http:\/\/www.vsbadschoenau.ac.at\/wp-content\/uploads\/2022\/10\/IMG-20221005-WA0011.jpg 1024w, http:\/\/www.vsbadschoenau.ac.at\/wp-content\/uploads\/2022\/10\/IMG-20221005-WA0011-300x225.jpg 300w, http:\/\/www.vsbadschoenau.ac.at\/wp-content\/uploads\/2022\/10\/IMG-20221005-WA0011-768x576.jpg 768w\" sizes=\"(max-width: 1024px) 100vw, 1024px\" \/><\/figure>\n\n\n\n<figure class=\"wp-block-image size-large is-style-default\"><img decoding=\"async\" loading=\"lazy\" width=\"1024\" height=\"768\" data-id=\"3093\"  src=\"http:\/\/www.vsbadschoenau.ac.at\/wp-content\/uploads\/2022\/10\/IMG-20221005-WA0013.jpg\" alt=\"\" class=\"wp-image-3093\" srcset=\"http:\/\/www.vsbadschoenau.ac.at\/wp-content\/uploads\/2022\/10\/IMG-20221005-WA0013.jpg 1024w, http:\/\/www.vsbadschoenau.ac.at\/wp-content\/uploads\/2022\/10\/IMG-20221005-WA0013-300x225.jpg 300w, http:\/\/www.vsbadschoenau.ac.at\/wp-content\/uploads\/2022\/10\/IMG-20221005-WA0013-768x576.jpg 768w\" sizes=\"(max-width: 1024px) 100vw, 1024px\" \/><\/figure>\n<\/figure>\n\n\n\n<p class=\"has-text-align-center has-vivid-purple-color has-text-color\"><strong>Unsere Schulkinder haben Zeichnungen angefertigt die im Sconarium ausgestellt wurden.  Auch f\u00fcr das leibliche Wohl sorgten die Sch\u00fcler*innen der VS mit Hilfe der Eltern. <\/strong><\/p>\n\n\n\n<p><a href=\"http:\/\/www.vsbadschoenau.ac.at\/?accordions=galerie-3\">Zur\u00fcck zur Galerie<\/a> <\/p>\n","protected":false},"excerpt":{"rendered":"<p>Unsere Schulkinder haben Zeichnungen angefertigt die im Sconarium ausgestellt wurden. Auch f\u00fcr das leibliche Wohl sorgten die Sch\u00fcler*innen der VS mit Hilfe der Eltern. Zur\u00fcck zur Galerie<\/p>\n","protected":false},"author":1,"featured_media":0,"parent":0,"menu_order":0,"comment_status":"closed","ping_status":"closed","template":"","meta":[],"_links":{"self":[{"href":"http:\/\/www.vsbadschoenau.ac.at\/index.php?rest_route=\/wp\/v2\/pages\/3090"}],"collection":[{"href":"http:\/\/www.vsbadschoenau.ac.at\/index.php?rest_route=\/wp\/v2\/pages"}],"about":[{"href":"http:\/\/www.vsbadschoenau.ac.at\/index.php?rest_route=\/wp\/v2\/types\/page"}],"author":[{"embeddable":true,"href":"http:\/\/www.vsbadschoenau.ac.at\/index.php?rest_route=\/wp\/v2\/users\/1"}],"replies":[{"embeddable":true,"href":"http:\/\/www.vsbadschoenau.ac.at\/index.php?rest_route=%2Fwp%2Fv2%2Fcomments&post=3090"}],"version-history":[{"count":2,"href":"http:\/\/www.vsbadschoenau.ac.at\/index.php?rest_route=\/wp\/v2\/pages\/3090\/revisions"}],"predecessor-version":[{"id":3104,"href":"http:\/\/www.vsbadschoenau.ac.at\/index.php?rest_route=\/wp\/v2\/pages\/3090\/revisions\/3104"}],"wp:attachment":[{"href":"http:\/\/www.vsbadschoenau.ac.at\/index.php?rest_route=%2Fwp%2Fv2%2Fmedia&parent=3090"}],"curies":[{"name":"wp","href":"https:\/\/api.w.org\/{rel}","templated":true}]}}