{"id":3380,"date":"2023-06-07T10:12:10","date_gmt":"2023-06-07T10:12:10","guid":{"rendered":"http:\/\/www.vsbadschoenau.ac.at\/?page_id=3380"},"modified":"2023-06-07T10:19:21","modified_gmt":"2023-06-07T10:19:21","slug":"lerntreppe","status":"publish","type":"page","link":"http:\/\/www.vsbadschoenau.ac.at\/?page_id=3380","title":{"rendered":"Lerntreppe"},"content":{"rendered":"\n<figure class=\"is-layout-flex wp-block-gallery-1 wp-block-gallery has-nested-images columns-default is-cropped\">\n<figure class=\"wp-block-image size-large is-style-default\"><img decoding=\"async\" loading=\"lazy\" width=\"768\" height=\"1024\" data-id=\"3381\"  src=\"http:\/\/www.vsbadschoenau.ac.at\/wp-content\/uploads\/2023\/06\/IMG-20230607-WA0033-768x1024.jpg\" alt=\"\" class=\"wp-image-3381\" srcset=\"http:\/\/www.vsbadschoenau.ac.at\/wp-content\/uploads\/2023\/06\/IMG-20230607-WA0033-768x1024.jpg 768w, http:\/\/www.vsbadschoenau.ac.at\/wp-content\/uploads\/2023\/06\/IMG-20230607-WA0033-225x300.jpg 225w, http:\/\/www.vsbadschoenau.ac.at\/wp-content\/uploads\/2023\/06\/IMG-20230607-WA0033-1152x1536.jpg 1152w, http:\/\/www.vsbadschoenau.ac.at\/wp-content\/uploads\/2023\/06\/IMG-20230607-WA0033.jpg 1536w\" sizes=\"(max-width: 768px) 100vw, 768px\" \/><\/figure>\n<\/figure>\n\n\n\n<p class=\"has-text-align-center has-luminous-vivid-amber-color has-text-color\"><strong>Durch die gro\u00dfz\u00fcgige Unterst\u00fctzung der Gemeinde konnten wir eine Lerntreppe gestalten. Hier haben die Kinder die M\u00f6glichkeit sich in ihren Begabungen und Interessen mithilfe von individuell bereitgestellten Materialien zu vertiefen.<\/strong><\/p>\n\n\n\n<p><a href=\"http:\/\/www.vsbadschoenau.ac.at\/?accordions=galerie-3\">Zur\u00fcck zur Galerie<\/a><\/p>\n","protected":false},"excerpt":{"rendered":"<p>Durch die gro\u00dfz\u00fcgige Unterst\u00fctzung der Gemeinde konnten wir eine Lerntreppe gestalten. Hier haben die Kinder die M\u00f6glichkeit sich in ihren Begabungen und Interessen mithilfe von individuell bereitgestellten Materialien zu vertiefen. Zur\u00fcck zur Galerie<\/p>\n","protected":false},"author":1,"featured_media":0,"parent":0,"menu_order":0,"comment_status":"closed","ping_status":"closed","template":"","meta":[],"_links":{"self":[{"href":"http:\/\/www.vsbadschoenau.ac.at\/index.php?rest_route=\/wp\/v2\/pages\/3380"}],"collection":[{"href":"http:\/\/www.vsbadschoenau.ac.at\/index.php?rest_route=\/wp\/v2\/pages"}],"about":[{"href":"http:\/\/www.vsbadschoenau.ac.at\/index.php?rest_route=\/wp\/v2\/types\/page"}],"author":[{"embeddable":true,"href":"http:\/\/www.vsbadschoenau.ac.at\/index.php?rest_route=\/wp\/v2\/users\/1"}],"replies":[{"embeddable":true,"href":"http:\/\/www.vsbadschoenau.ac.at\/index.php?rest_route=%2Fwp%2Fv2%2Fcomments&post=3380"}],"version-history":[{"count":2,"href":"http:\/\/www.vsbadschoenau.ac.at\/index.php?rest_route=\/wp\/v2\/pages\/3380\/revisions"}],"predecessor-version":[{"id":3392,"href":"http:\/\/www.vsbadschoenau.ac.at\/index.php?rest_route=\/wp\/v2\/pages\/3380\/revisions\/3392"}],"wp:attachment":[{"href":"http:\/\/www.vsbadschoenau.ac.at\/index.php?rest_route=%2Fwp%2Fv2%2Fmedia&parent=3380"}],"curies":[{"name":"wp","href":"https:\/\/api.w.org\/{rel}","templated":true}]}}