{"id":3537,"date":"2023-10-11T06:40:44","date_gmt":"2023-10-11T06:40:44","guid":{"rendered":"http:\/\/www.vsbadschoenau.ac.at\/?page_id=3537"},"modified":"2023-10-11T06:42:28","modified_gmt":"2023-10-11T06:42:28","slug":"feuerwehr","status":"publish","type":"page","link":"http:\/\/www.vsbadschoenau.ac.at\/?page_id=3537","title":{"rendered":"Feuerwehr"},"content":{"rendered":"\n<figure class=\"is-layout-flex wp-block-gallery-1 wp-block-gallery has-nested-images columns-2 is-cropped\">\n<figure class=\"wp-block-image size-large is-style-default\"><img decoding=\"async\" loading=\"lazy\" width=\"768\" height=\"1024\" data-id=\"3539\"  src=\"http:\/\/www.vsbadschoenau.ac.at\/wp-content\/uploads\/2023\/10\/IMG-20231010-WA0001.jpg\" alt=\"\" class=\"wp-image-3539\" srcset=\"http:\/\/www.vsbadschoenau.ac.at\/wp-content\/uploads\/2023\/10\/IMG-20231010-WA0001.jpg 768w, http:\/\/www.vsbadschoenau.ac.at\/wp-content\/uploads\/2023\/10\/IMG-20231010-WA0001-225x300.jpg 225w\" sizes=\"(max-width: 768px) 100vw, 768px\" \/><\/figure>\n\n\n\n<figure class=\"wp-block-image size-large is-style-default\"><img decoding=\"async\" loading=\"lazy\" width=\"768\" height=\"1024\" data-id=\"3538\"  src=\"http:\/\/www.vsbadschoenau.ac.at\/wp-content\/uploads\/2023\/10\/IMG-20231010-WA0003.jpg\" alt=\"\" class=\"wp-image-3538\" srcset=\"http:\/\/www.vsbadschoenau.ac.at\/wp-content\/uploads\/2023\/10\/IMG-20231010-WA0003.jpg 768w, http:\/\/www.vsbadschoenau.ac.at\/wp-content\/uploads\/2023\/10\/IMG-20231010-WA0003-225x300.jpg 225w\" sizes=\"(max-width: 768px) 100vw, 768px\" \/><\/figure>\n\n\n\n<figure class=\"wp-block-image size-large is-style-default\"><img decoding=\"async\" loading=\"lazy\" width=\"768\" height=\"1024\" data-id=\"3542\"  src=\"http:\/\/www.vsbadschoenau.ac.at\/wp-content\/uploads\/2023\/10\/IMG-20231010-WA0004.jpg\" alt=\"\" class=\"wp-image-3542\" srcset=\"http:\/\/www.vsbadschoenau.ac.at\/wp-content\/uploads\/2023\/10\/IMG-20231010-WA0004.jpg 768w, http:\/\/www.vsbadschoenau.ac.at\/wp-content\/uploads\/2023\/10\/IMG-20231010-WA0004-225x300.jpg 225w\" sizes=\"(max-width: 768px) 100vw, 768px\" \/><\/figure>\n\n\n\n<figure class=\"wp-block-image size-large is-style-default\"><img decoding=\"async\" loading=\"lazy\" width=\"768\" height=\"1024\" data-id=\"3540\"  src=\"http:\/\/www.vsbadschoenau.ac.at\/wp-content\/uploads\/2023\/10\/IMG-20231010-WA0005.jpg\" alt=\"\" class=\"wp-image-3540\" srcset=\"http:\/\/www.vsbadschoenau.ac.at\/wp-content\/uploads\/2023\/10\/IMG-20231010-WA0005.jpg 768w, http:\/\/www.vsbadschoenau.ac.at\/wp-content\/uploads\/2023\/10\/IMG-20231010-WA0005-225x300.jpg 225w\" sizes=\"(max-width: 768px) 100vw, 768px\" \/><\/figure>\n\n\n\n<figure class=\"wp-block-image size-large is-style-default\"><img decoding=\"async\" loading=\"lazy\" width=\"768\" height=\"1024\" data-id=\"3541\"  src=\"http:\/\/www.vsbadschoenau.ac.at\/wp-content\/uploads\/2023\/10\/IMG-20231010-WA0006.jpg\" alt=\"\" class=\"wp-image-3541\" srcset=\"http:\/\/www.vsbadschoenau.ac.at\/wp-content\/uploads\/2023\/10\/IMG-20231010-WA0006.jpg 768w, http:\/\/www.vsbadschoenau.ac.at\/wp-content\/uploads\/2023\/10\/IMG-20231010-WA0006-225x300.jpg 225w\" sizes=\"(max-width: 768px) 100vw, 768px\" \/><\/figure>\n\n\n\n<figure class=\"wp-block-image size-large is-style-default\"><img decoding=\"async\" loading=\"lazy\" width=\"768\" height=\"1024\" data-id=\"3544\"  src=\"http:\/\/www.vsbadschoenau.ac.at\/wp-content\/uploads\/2023\/10\/IMG-20231010-WA0008.jpg\" alt=\"\" class=\"wp-image-3544\" srcset=\"http:\/\/www.vsbadschoenau.ac.at\/wp-content\/uploads\/2023\/10\/IMG-20231010-WA0008.jpg 768w, http:\/\/www.vsbadschoenau.ac.at\/wp-content\/uploads\/2023\/10\/IMG-20231010-WA0008-225x300.jpg 225w\" sizes=\"(max-width: 768px) 100vw, 768px\" \/><\/figure>\n\n\n\n<figure class=\"wp-block-image size-large is-style-default\"><img decoding=\"async\" loading=\"lazy\" width=\"768\" height=\"1024\" data-id=\"3546\"  src=\"http:\/\/www.vsbadschoenau.ac.at\/wp-content\/uploads\/2023\/10\/IMG-20231010-WA0010.jpg\" alt=\"\" class=\"wp-image-3546\" srcset=\"http:\/\/www.vsbadschoenau.ac.at\/wp-content\/uploads\/2023\/10\/IMG-20231010-WA0010.jpg 768w, http:\/\/www.vsbadschoenau.ac.at\/wp-content\/uploads\/2023\/10\/IMG-20231010-WA0010-225x300.jpg 225w\" sizes=\"(max-width: 768px) 100vw, 768px\" \/><\/figure>\n\n\n\n<figure class=\"wp-block-image size-large is-style-default\"><img decoding=\"async\" loading=\"lazy\" width=\"768\" height=\"1024\" data-id=\"3547\"  src=\"http:\/\/www.vsbadschoenau.ac.at\/wp-content\/uploads\/2023\/10\/IMG-20231010-WA0000.jpg\" alt=\"\" class=\"wp-image-3547\" srcset=\"http:\/\/www.vsbadschoenau.ac.at\/wp-content\/uploads\/2023\/10\/IMG-20231010-WA0000.jpg 768w, http:\/\/www.vsbadschoenau.ac.at\/wp-content\/uploads\/2023\/10\/IMG-20231010-WA0000-225x300.jpg 225w\" sizes=\"(max-width: 768px) 100vw, 768px\" \/><\/figure>\n<\/figure>\n\n\n\n<p class=\"has-text-align-center has-vivid-red-color has-text-color\"><strong>Die Kinder der 3. und 4. Schulstufe wurden bei einem Lehrausgang zur Feuerwehr Bad Sch\u00f6nau \u00fcber die vielf\u00e4ltigen Aufgaben der freiwilligen Feuerwehr aufgekl\u00e4rt. Ebenso durften sie verschiedene Ger\u00e4tschaften ausprobieren. Vielen Dank an die Feuerwehr Bad Sch\u00f6nau f\u00fcr den tollen Vormittag und die aufregende Heimfahrt mit den Feuerwehrautos. <\/strong><\/p>\n\n\n\n<p><a href=\"http:\/\/www.vsbadschoenau.ac.at\/?accordions=galerie-23-24\">Zur\u00fcck zur Galerie<\/a><\/p>\n","protected":false},"excerpt":{"rendered":"<p>Die Kinder der 3. und 4. Schulstufe wurden bei einem Lehrausgang zur Feuerwehr Bad Sch\u00f6nau \u00fcber die vielf\u00e4ltigen Aufgaben der freiwilligen Feuerwehr aufgekl\u00e4rt. Ebenso durften sie verschiedene Ger\u00e4tschaften ausprobieren. Vielen Dank an die Feuerwehr Bad Sch\u00f6nau f\u00fcr den tollen Vormittag und die aufregende Heimfahrt mit den Feuerwehrautos. Zur\u00fcck zur Galerie<\/p>\n","protected":false},"author":1,"featured_media":0,"parent":0,"menu_order":0,"comment_status":"closed","ping_status":"closed","template":"","meta":[],"_links":{"self":[{"href":"http:\/\/www.vsbadschoenau.ac.at\/index.php?rest_route=\/wp\/v2\/pages\/3537"}],"collection":[{"href":"http:\/\/www.vsbadschoenau.ac.at\/index.php?rest_route=\/wp\/v2\/pages"}],"about":[{"href":"http:\/\/www.vsbadschoenau.ac.at\/index.php?rest_route=\/wp\/v2\/types\/page"}],"author":[{"embeddable":true,"href":"http:\/\/www.vsbadschoenau.ac.at\/index.php?rest_route=\/wp\/v2\/users\/1"}],"replies":[{"embeddable":true,"href":"http:\/\/www.vsbadschoenau.ac.at\/index.php?rest_route=%2Fwp%2Fv2%2Fcomments&post=3537"}],"version-history":[{"count":2,"href":"http:\/\/www.vsbadschoenau.ac.at\/index.php?rest_route=\/wp\/v2\/pages\/3537\/revisions"}],"predecessor-version":[{"id":3549,"href":"http:\/\/www.vsbadschoenau.ac.at\/index.php?rest_route=\/wp\/v2\/pages\/3537\/revisions\/3549"}],"wp:attachment":[{"href":"http:\/\/www.vsbadschoenau.ac.at\/index.php?rest_route=%2Fwp%2Fv2%2Fmedia&parent=3537"}],"curies":[{"name":"wp","href":"https:\/\/api.w.org\/{rel}","templated":true}]}}