{"id":3625,"date":"2023-12-15T09:21:30","date_gmt":"2023-12-15T09:21:30","guid":{"rendered":"https:\/\/www.vsbadschoenau.ac.at\/?page_id=3625"},"modified":"2023-12-19T07:40:18","modified_gmt":"2023-12-19T07:40:18","slug":"spass-im-schnee-2","status":"publish","type":"page","link":"http:\/\/www.vsbadschoenau.ac.at\/?page_id=3625","title":{"rendered":"Spa\u00df im Schnee"},"content":{"rendered":"\n<figure class=\"is-layout-flex wp-block-gallery-1 wp-block-gallery has-nested-images columns-default is-cropped\">\n<figure class=\"wp-block-image size-large is-style-default\"><img decoding=\"async\" loading=\"lazy\" width=\"577\" height=\"1024\" data-id=\"3627\"  src=\"https:\/\/www.vsbadschoenau.ac.at\/wp-content\/uploads\/2023\/12\/IMG-20231213-WA0001-577x1024.jpg\" alt=\"\" class=\"wp-image-3627\" srcset=\"http:\/\/www.vsbadschoenau.ac.at\/wp-content\/uploads\/2023\/12\/IMG-20231213-WA0001-577x1024.jpg 577w, http:\/\/www.vsbadschoenau.ac.at\/wp-content\/uploads\/2023\/12\/IMG-20231213-WA0001-169x300.jpg 169w, http:\/\/www.vsbadschoenau.ac.at\/wp-content\/uploads\/2023\/12\/IMG-20231213-WA0001-768x1364.jpg 768w, http:\/\/www.vsbadschoenau.ac.at\/wp-content\/uploads\/2023\/12\/IMG-20231213-WA0001-865x1536.jpg 865w, http:\/\/www.vsbadschoenau.ac.at\/wp-content\/uploads\/2023\/12\/IMG-20231213-WA0001.jpg 1153w\" sizes=\"(max-width: 577px) 100vw, 577px\" \/><\/figure>\n\n\n\n<figure class=\"wp-block-image size-large is-style-default\"><img decoding=\"async\" loading=\"lazy\" width=\"577\" height=\"1024\" data-id=\"3626\"  src=\"https:\/\/www.vsbadschoenau.ac.at\/wp-content\/uploads\/2023\/12\/IMG-20231213-WA0002-577x1024.jpg\" alt=\"\" class=\"wp-image-3626\" srcset=\"http:\/\/www.vsbadschoenau.ac.at\/wp-content\/uploads\/2023\/12\/IMG-20231213-WA0002-577x1024.jpg 577w, http:\/\/www.vsbadschoenau.ac.at\/wp-content\/uploads\/2023\/12\/IMG-20231213-WA0002-169x300.jpg 169w, http:\/\/www.vsbadschoenau.ac.at\/wp-content\/uploads\/2023\/12\/IMG-20231213-WA0002-768x1364.jpg 768w, http:\/\/www.vsbadschoenau.ac.at\/wp-content\/uploads\/2023\/12\/IMG-20231213-WA0002-865x1536.jpg 865w, http:\/\/www.vsbadschoenau.ac.at\/wp-content\/uploads\/2023\/12\/IMG-20231213-WA0002.jpg 1153w\" sizes=\"(max-width: 577px) 100vw, 577px\" \/><\/figure>\n<\/figure>\n\n\n\n<p class=\"has-text-align-center has-vivid-cyan-blue-color has-text-color\"><strong>Die Kinder der 3. und 4. Schulstufe hatten gro\u00dfen Spa\u00df beim ersten Schnee und bauten einen Schneemann. <\/strong><\/p>\n\n\n\n<p><a href=\"http:\/\/www.vsbadschoenau.ac.at\/?accordions=galerie-23-24\">Zur\u00fcck zur Galerie<\/a><\/p>\n","protected":false},"excerpt":{"rendered":"<p>Die Kinder der 3. und 4. Schulstufe hatten gro\u00dfen Spa\u00df beim ersten Schnee und bauten einen Schneemann. Zur\u00fcck zur Galerie<\/p>\n","protected":false},"author":1,"featured_media":0,"parent":0,"menu_order":0,"comment_status":"closed","ping_status":"closed","template":"","meta":[],"_links":{"self":[{"href":"http:\/\/www.vsbadschoenau.ac.at\/index.php?rest_route=\/wp\/v2\/pages\/3625"}],"collection":[{"href":"http:\/\/www.vsbadschoenau.ac.at\/index.php?rest_route=\/wp\/v2\/pages"}],"about":[{"href":"http:\/\/www.vsbadschoenau.ac.at\/index.php?rest_route=\/wp\/v2\/types\/page"}],"author":[{"embeddable":true,"href":"http:\/\/www.vsbadschoenau.ac.at\/index.php?rest_route=\/wp\/v2\/users\/1"}],"replies":[{"embeddable":true,"href":"http:\/\/www.vsbadschoenau.ac.at\/index.php?rest_route=%2Fwp%2Fv2%2Fcomments&post=3625"}],"version-history":[{"count":2,"href":"http:\/\/www.vsbadschoenau.ac.at\/index.php?rest_route=\/wp\/v2\/pages\/3625\/revisions"}],"predecessor-version":[{"id":3637,"href":"http:\/\/www.vsbadschoenau.ac.at\/index.php?rest_route=\/wp\/v2\/pages\/3625\/revisions\/3637"}],"wp:attachment":[{"href":"http:\/\/www.vsbadschoenau.ac.at\/index.php?rest_route=%2Fwp%2Fv2%2Fmedia&parent=3625"}],"curies":[{"name":"wp","href":"https:\/\/api.w.org\/{rel}","templated":true}]}}