{"id":3629,"date":"2023-12-15T09:23:08","date_gmt":"2023-12-15T09:23:08","guid":{"rendered":"https:\/\/www.vsbadschoenau.ac.at\/?page_id=3629"},"modified":"2023-12-19T07:40:32","modified_gmt":"2023-12-19T07:40:32","slug":"der-nikolaus-war-da-2","status":"publish","type":"page","link":"http:\/\/www.vsbadschoenau.ac.at\/?page_id=3629","title":{"rendered":"Der Nikolaus war da!"},"content":{"rendered":"\n<figure class=\"wp-block-image size-large is-style-default\"><img decoding=\"async\" loading=\"lazy\" width=\"768\" height=\"1024\" src=\"https:\/\/www.vsbadschoenau.ac.at\/wp-content\/uploads\/2023\/12\/IMG-20231213-WA0003-768x1024.jpg\" alt=\"\" class=\"wp-image-3630\" srcset=\"http:\/\/www.vsbadschoenau.ac.at\/wp-content\/uploads\/2023\/12\/IMG-20231213-WA0003-768x1024.jpg 768w, http:\/\/www.vsbadschoenau.ac.at\/wp-content\/uploads\/2023\/12\/IMG-20231213-WA0003-225x300.jpg 225w, http:\/\/www.vsbadschoenau.ac.at\/wp-content\/uploads\/2023\/12\/IMG-20231213-WA0003-1152x1536.jpg 1152w, http:\/\/www.vsbadschoenau.ac.at\/wp-content\/uploads\/2023\/12\/IMG-20231213-WA0003.jpg 1536w\" sizes=\"(max-width: 768px) 100vw, 768px\" \/><\/figure>\n\n\n\n<p class=\"has-text-align-center has-vivid-green-cyan-color has-text-color\"><strong>Die Kinder und das Lehrerinnenteam bedanken sich recht herzlich f\u00fcr die Nikolaussackerl und die sch\u00f6ne Geschichte, die von der Seniorenpension Piacsek gesponsert wurden. <\/strong><\/p>\n\n\n\n<p><a href=\"http:\/\/www.vsbadschoenau.ac.at\/?accordions=galerie-23-24\">Zur\u00fcck zur Galerie<\/a><\/p>\n","protected":false},"excerpt":{"rendered":"<p>Die Kinder und das Lehrerinnenteam bedanken sich recht herzlich f\u00fcr die Nikolaussackerl und die sch\u00f6ne Geschichte, die von der Seniorenpension Piacsek gesponsert wurden. Zur\u00fcck zur Galerie<\/p>\n","protected":false},"author":1,"featured_media":0,"parent":0,"menu_order":0,"comment_status":"closed","ping_status":"closed","template":"","meta":[],"_links":{"self":[{"href":"http:\/\/www.vsbadschoenau.ac.at\/index.php?rest_route=\/wp\/v2\/pages\/3629"}],"collection":[{"href":"http:\/\/www.vsbadschoenau.ac.at\/index.php?rest_route=\/wp\/v2\/pages"}],"about":[{"href":"http:\/\/www.vsbadschoenau.ac.at\/index.php?rest_route=\/wp\/v2\/types\/page"}],"author":[{"embeddable":true,"href":"http:\/\/www.vsbadschoenau.ac.at\/index.php?rest_route=\/wp\/v2\/users\/1"}],"replies":[{"embeddable":true,"href":"http:\/\/www.vsbadschoenau.ac.at\/index.php?rest_route=%2Fwp%2Fv2%2Fcomments&post=3629"}],"version-history":[{"count":2,"href":"http:\/\/www.vsbadschoenau.ac.at\/index.php?rest_route=\/wp\/v2\/pages\/3629\/revisions"}],"predecessor-version":[{"id":3638,"href":"http:\/\/www.vsbadschoenau.ac.at\/index.php?rest_route=\/wp\/v2\/pages\/3629\/revisions\/3638"}],"wp:attachment":[{"href":"http:\/\/www.vsbadschoenau.ac.at\/index.php?rest_route=%2Fwp%2Fv2%2Fmedia&parent=3629"}],"curies":[{"name":"wp","href":"https:\/\/api.w.org\/{rel}","templated":true}]}}