{"id":3647,"date":"2023-12-22T07:30:50","date_gmt":"2023-12-22T07:30:50","guid":{"rendered":"https:\/\/www.vsbadschoenau.ac.at\/?page_id=3647"},"modified":"2024-01-08T08:57:04","modified_gmt":"2024-01-08T08:57:04","slug":"werkunterricht","status":"publish","type":"page","link":"http:\/\/www.vsbadschoenau.ac.at\/?page_id=3647","title":{"rendered":"Werkunterricht"},"content":{"rendered":"\n<figure class=\"wp-block-image size-full is-style-default\"><img decoding=\"async\" loading=\"lazy\" width=\"1024\" height=\"768\" src=\"https:\/\/www.vsbadschoenau.ac.at\/wp-content\/uploads\/2023\/12\/IMG-20231221-WA0005.jpg\" alt=\"\" class=\"wp-image-3648\" srcset=\"http:\/\/www.vsbadschoenau.ac.at\/wp-content\/uploads\/2023\/12\/IMG-20231221-WA0005.jpg 1024w, http:\/\/www.vsbadschoenau.ac.at\/wp-content\/uploads\/2023\/12\/IMG-20231221-WA0005-300x225.jpg 300w, http:\/\/www.vsbadschoenau.ac.at\/wp-content\/uploads\/2023\/12\/IMG-20231221-WA0005-768x576.jpg 768w\" sizes=\"(max-width: 1024px) 100vw, 1024px\" \/><\/figure>\n\n\n\n<p class=\"has-text-align-center has-vivid-green-cyan-color has-text-color\"><strong>Stolz pr\u00e4sentieren die Sch\u00fcler und Sch\u00fclerinnen der 3. und 4. Schulstufe ihre Laubs\u00e4gearbeiten aus dem Werkunterricht. <\/strong><\/p>\n\n\n\n<p><a href=\"http:\/\/www.vsbadschoenau.ac.at\/?accordions=galerie-23-24\">Zur\u00fcck zur Galerie<\/a><\/p>\n","protected":false},"excerpt":{"rendered":"<p>Stolz pr\u00e4sentieren die Sch\u00fcler und Sch\u00fclerinnen der 3. und 4. Schulstufe ihre Laubs\u00e4gearbeiten aus dem Werkunterricht. Zur\u00fcck zur Galerie<\/p>\n","protected":false},"author":1,"featured_media":0,"parent":0,"menu_order":0,"comment_status":"closed","ping_status":"closed","template":"","meta":[],"_links":{"self":[{"href":"http:\/\/www.vsbadschoenau.ac.at\/index.php?rest_route=\/wp\/v2\/pages\/3647"}],"collection":[{"href":"http:\/\/www.vsbadschoenau.ac.at\/index.php?rest_route=\/wp\/v2\/pages"}],"about":[{"href":"http:\/\/www.vsbadschoenau.ac.at\/index.php?rest_route=\/wp\/v2\/types\/page"}],"author":[{"embeddable":true,"href":"http:\/\/www.vsbadschoenau.ac.at\/index.php?rest_route=\/wp\/v2\/users\/1"}],"replies":[{"embeddable":true,"href":"http:\/\/www.vsbadschoenau.ac.at\/index.php?rest_route=%2Fwp%2Fv2%2Fcomments&post=3647"}],"version-history":[{"count":2,"href":"http:\/\/www.vsbadschoenau.ac.at\/index.php?rest_route=\/wp\/v2\/pages\/3647\/revisions"}],"predecessor-version":[{"id":3676,"href":"http:\/\/www.vsbadschoenau.ac.at\/index.php?rest_route=\/wp\/v2\/pages\/3647\/revisions\/3676"}],"wp:attachment":[{"href":"http:\/\/www.vsbadschoenau.ac.at\/index.php?rest_route=%2Fwp%2Fv2%2Fmedia&parent=3647"}],"curies":[{"name":"wp","href":"https:\/\/api.w.org\/{rel}","templated":true}]}}