{"id":3655,"date":"2023-12-22T07:34:46","date_gmt":"2023-12-22T07:34:46","guid":{"rendered":"https:\/\/www.vsbadschoenau.ac.at\/?page_id=3655"},"modified":"2024-01-08T08:56:47","modified_gmt":"2024-01-08T08:56:47","slug":"seniorenweihnachtsfeier","status":"publish","type":"page","link":"http:\/\/www.vsbadschoenau.ac.at\/?page_id=3655","title":{"rendered":"Seniorenweihnachtsfeier"},"content":{"rendered":"\n<figure class=\"is-layout-flex wp-block-gallery-1 wp-block-gallery has-nested-images columns-default is-cropped\">\n<figure class=\"wp-block-image size-large is-style-default\"><img decoding=\"async\" loading=\"lazy\" width=\"768\" height=\"1024\" data-id=\"3659\"  src=\"https:\/\/www.vsbadschoenau.ac.at\/wp-content\/uploads\/2023\/12\/IMG-20231221-WA0011.jpg\" alt=\"\" class=\"wp-image-3659\" srcset=\"http:\/\/www.vsbadschoenau.ac.at\/wp-content\/uploads\/2023\/12\/IMG-20231221-WA0011.jpg 768w, http:\/\/www.vsbadschoenau.ac.at\/wp-content\/uploads\/2023\/12\/IMG-20231221-WA0011-225x300.jpg 225w\" sizes=\"(max-width: 768px) 100vw, 768px\" \/><\/figure>\n\n\n\n<figure class=\"wp-block-image size-large is-style-default\"><img decoding=\"async\" loading=\"lazy\" width=\"768\" height=\"1024\" data-id=\"3656\"  src=\"https:\/\/www.vsbadschoenau.ac.at\/wp-content\/uploads\/2023\/12\/IMG-20231221-WA0012.jpg\" alt=\"\" class=\"wp-image-3656\" srcset=\"http:\/\/www.vsbadschoenau.ac.at\/wp-content\/uploads\/2023\/12\/IMG-20231221-WA0012.jpg 768w, http:\/\/www.vsbadschoenau.ac.at\/wp-content\/uploads\/2023\/12\/IMG-20231221-WA0012-225x300.jpg 225w\" sizes=\"(max-width: 768px) 100vw, 768px\" \/><\/figure>\n\n\n\n<figure class=\"wp-block-image size-large is-style-default\"><img decoding=\"async\" loading=\"lazy\" width=\"768\" height=\"1024\" data-id=\"3658\"  src=\"https:\/\/www.vsbadschoenau.ac.at\/wp-content\/uploads\/2023\/12\/IMG-20231221-WA0014.jpg\" alt=\"\" class=\"wp-image-3658\" srcset=\"http:\/\/www.vsbadschoenau.ac.at\/wp-content\/uploads\/2023\/12\/IMG-20231221-WA0014.jpg 768w, http:\/\/www.vsbadschoenau.ac.at\/wp-content\/uploads\/2023\/12\/IMG-20231221-WA0014-225x300.jpg 225w\" sizes=\"(max-width: 768px) 100vw, 768px\" \/><\/figure>\n\n\n\n<figure class=\"wp-block-image size-large is-style-default\"><img decoding=\"async\" loading=\"lazy\" width=\"1024\" height=\"768\" data-id=\"3657\"  src=\"https:\/\/www.vsbadschoenau.ac.at\/wp-content\/uploads\/2023\/12\/IMG-20231221-WA0013.jpg\" alt=\"\" class=\"wp-image-3657\" srcset=\"http:\/\/www.vsbadschoenau.ac.at\/wp-content\/uploads\/2023\/12\/IMG-20231221-WA0013.jpg 1024w, http:\/\/www.vsbadschoenau.ac.at\/wp-content\/uploads\/2023\/12\/IMG-20231221-WA0013-300x225.jpg 300w, http:\/\/www.vsbadschoenau.ac.at\/wp-content\/uploads\/2023\/12\/IMG-20231221-WA0013-768x576.jpg 768w\" sizes=\"(max-width: 1024px) 100vw, 1024px\" \/><\/figure>\n\n\n\n<figure class=\"wp-block-image size-large is-style-default\"><img decoding=\"async\" loading=\"lazy\" width=\"768\" height=\"1024\" data-id=\"3660\"  src=\"https:\/\/www.vsbadschoenau.ac.at\/wp-content\/uploads\/2023\/12\/IMG-20231221-WA0015.jpg\" alt=\"\" class=\"wp-image-3660\" srcset=\"http:\/\/www.vsbadschoenau.ac.at\/wp-content\/uploads\/2023\/12\/IMG-20231221-WA0015.jpg 768w, http:\/\/www.vsbadschoenau.ac.at\/wp-content\/uploads\/2023\/12\/IMG-20231221-WA0015-225x300.jpg 225w\" sizes=\"(max-width: 768px) 100vw, 768px\" \/><\/figure>\n<\/figure>\n\n\n\n<p class=\"has-text-align-center has-vivid-red-color has-text-color\"><strong>Bei der Weihnachtsfeier der Senioren im Gasthaus Koder f\u00fchrten wir unser diesj\u00e4hriges Krippenspiel auf. <\/strong><\/p>\n\n\n\n<p><a href=\"http:\/\/www.vsbadschoenau.ac.at\/?accordions=galerie-23-24\">Zur\u00fcck zur Galerie<\/a><\/p>\n","protected":false},"excerpt":{"rendered":"<p>Bei der Weihnachtsfeier der Senioren im Gasthaus Koder f\u00fchrten wir unser diesj\u00e4hriges Krippenspiel auf. Zur\u00fcck zur Galerie<\/p>\n","protected":false},"author":1,"featured_media":0,"parent":0,"menu_order":0,"comment_status":"closed","ping_status":"closed","template":"","meta":[],"_links":{"self":[{"href":"http:\/\/www.vsbadschoenau.ac.at\/index.php?rest_route=\/wp\/v2\/pages\/3655"}],"collection":[{"href":"http:\/\/www.vsbadschoenau.ac.at\/index.php?rest_route=\/wp\/v2\/pages"}],"about":[{"href":"http:\/\/www.vsbadschoenau.ac.at\/index.php?rest_route=\/wp\/v2\/types\/page"}],"author":[{"embeddable":true,"href":"http:\/\/www.vsbadschoenau.ac.at\/index.php?rest_route=\/wp\/v2\/users\/1"}],"replies":[{"embeddable":true,"href":"http:\/\/www.vsbadschoenau.ac.at\/index.php?rest_route=%2Fwp%2Fv2%2Fcomments&post=3655"}],"version-history":[{"count":2,"href":"http:\/\/www.vsbadschoenau.ac.at\/index.php?rest_route=\/wp\/v2\/pages\/3655\/revisions"}],"predecessor-version":[{"id":3675,"href":"http:\/\/www.vsbadschoenau.ac.at\/index.php?rest_route=\/wp\/v2\/pages\/3655\/revisions\/3675"}],"wp:attachment":[{"href":"http:\/\/www.vsbadschoenau.ac.at\/index.php?rest_route=%2Fwp%2Fv2%2Fmedia&parent=3655"}],"curies":[{"name":"wp","href":"https:\/\/api.w.org\/{rel}","templated":true}]}}