{"id":3765,"date":"2024-05-08T09:13:25","date_gmt":"2024-05-08T09:13:25","guid":{"rendered":"https:\/\/www.vsbadschoenau.ac.at\/?page_id=3765"},"modified":"2024-05-08T09:14:57","modified_gmt":"2024-05-08T09:14:57","slug":"instrumentenstrasse","status":"publish","type":"page","link":"http:\/\/www.vsbadschoenau.ac.at\/?page_id=3765","title":{"rendered":"Instrumentenstra\u00dfe"},"content":{"rendered":"\n<figure class=\"is-layout-flex wp-block-gallery-1 wp-block-gallery has-nested-images columns-2 is-cropped\">\n<figure class=\"wp-block-image size-large is-style-default\"><img decoding=\"async\" loading=\"lazy\" width=\"768\" height=\"1024\" data-id=\"3767\"  src=\"https:\/\/www.vsbadschoenau.ac.at\/wp-content\/uploads\/2024\/05\/IMG-20240507-WA0000-768x1024.jpg\" alt=\"\" class=\"wp-image-3767\" srcset=\"http:\/\/www.vsbadschoenau.ac.at\/wp-content\/uploads\/2024\/05\/IMG-20240507-WA0000-768x1024.jpg 768w, http:\/\/www.vsbadschoenau.ac.at\/wp-content\/uploads\/2024\/05\/IMG-20240507-WA0000-225x300.jpg 225w, http:\/\/www.vsbadschoenau.ac.at\/wp-content\/uploads\/2024\/05\/IMG-20240507-WA0000-1152x1536.jpg 1152w, http:\/\/www.vsbadschoenau.ac.at\/wp-content\/uploads\/2024\/05\/IMG-20240507-WA0000.jpg 1200w\" sizes=\"(max-width: 768px) 100vw, 768px\" \/><\/figure>\n\n\n\n<figure class=\"wp-block-image size-large is-style-default\"><img decoding=\"async\" loading=\"lazy\" width=\"768\" height=\"1024\" data-id=\"3768\"  src=\"https:\/\/www.vsbadschoenau.ac.at\/wp-content\/uploads\/2024\/05\/IMG-20240507-WA0002-768x1024.jpg\" alt=\"\" class=\"wp-image-3768\" srcset=\"http:\/\/www.vsbadschoenau.ac.at\/wp-content\/uploads\/2024\/05\/IMG-20240507-WA0002-768x1024.jpg 768w, http:\/\/www.vsbadschoenau.ac.at\/wp-content\/uploads\/2024\/05\/IMG-20240507-WA0002-225x300.jpg 225w, http:\/\/www.vsbadschoenau.ac.at\/wp-content\/uploads\/2024\/05\/IMG-20240507-WA0002-1152x1536.jpg 1152w, http:\/\/www.vsbadschoenau.ac.at\/wp-content\/uploads\/2024\/05\/IMG-20240507-WA0002.jpg 1200w\" sizes=\"(max-width: 768px) 100vw, 768px\" \/><\/figure>\n\n\n\n<figure class=\"wp-block-image size-large is-style-default\"><img decoding=\"async\" loading=\"lazy\" width=\"1024\" height=\"768\" data-id=\"3766\"  src=\"https:\/\/www.vsbadschoenau.ac.at\/wp-content\/uploads\/2024\/05\/IMG-20240507-WA0001-1024x768.jpg\" alt=\"\" class=\"wp-image-3766\" srcset=\"http:\/\/www.vsbadschoenau.ac.at\/wp-content\/uploads\/2024\/05\/IMG-20240507-WA0001-1024x768.jpg 1024w, http:\/\/www.vsbadschoenau.ac.at\/wp-content\/uploads\/2024\/05\/IMG-20240507-WA0001-300x225.jpg 300w, http:\/\/www.vsbadschoenau.ac.at\/wp-content\/uploads\/2024\/05\/IMG-20240507-WA0001-768x576.jpg 768w, http:\/\/www.vsbadschoenau.ac.at\/wp-content\/uploads\/2024\/05\/IMG-20240507-WA0001-1536x1152.jpg 1536w, http:\/\/www.vsbadschoenau.ac.at\/wp-content\/uploads\/2024\/05\/IMG-20240507-WA0001.jpg 1600w\" sizes=\"(max-width: 1024px) 100vw, 1024px\" \/><\/figure>\n\n\n\n<figure class=\"wp-block-image size-large is-style-default\"><img decoding=\"async\" loading=\"lazy\" width=\"1024\" height=\"768\" data-id=\"3769\"  src=\"https:\/\/www.vsbadschoenau.ac.at\/wp-content\/uploads\/2024\/05\/IMG-20240507-WA0003-1024x768.jpg\" alt=\"\" class=\"wp-image-3769\" srcset=\"http:\/\/www.vsbadschoenau.ac.at\/wp-content\/uploads\/2024\/05\/IMG-20240507-WA0003-1024x768.jpg 1024w, http:\/\/www.vsbadschoenau.ac.at\/wp-content\/uploads\/2024\/05\/IMG-20240507-WA0003-300x225.jpg 300w, http:\/\/www.vsbadschoenau.ac.at\/wp-content\/uploads\/2024\/05\/IMG-20240507-WA0003-768x576.jpg 768w, http:\/\/www.vsbadschoenau.ac.at\/wp-content\/uploads\/2024\/05\/IMG-20240507-WA0003-1536x1152.jpg 1536w, http:\/\/www.vsbadschoenau.ac.at\/wp-content\/uploads\/2024\/05\/IMG-20240507-WA0003.jpg 1600w\" sizes=\"(max-width: 1024px) 100vw, 1024px\" \/><\/figure>\n<\/figure>\n\n\n\n<p class=\"has-text-align-center has-vivid-purple-color has-text-color\"><strong>Bei der Instrumentenstra\u00dfe durften wir einige Musikinstrumente ausprobieren. Vielen Dank an den Musikverein Bad Sch\u00f6nau!<\/strong><\/p>\n\n\n\n<p><a href=\"http:\/\/www.vsbadschoenau.ac.at\/?accordions=galerie-23-24\">Zur\u00fcck zur Galerie<\/a><\/p>\n","protected":false},"excerpt":{"rendered":"<p>Bei der Instrumentenstra\u00dfe durften wir einige Musikinstrumente ausprobieren. Vielen Dank an den Musikverein Bad Sch\u00f6nau! Zur\u00fcck zur Galerie<\/p>\n","protected":false},"author":1,"featured_media":0,"parent":0,"menu_order":0,"comment_status":"closed","ping_status":"closed","template":"","meta":[],"_links":{"self":[{"href":"http:\/\/www.vsbadschoenau.ac.at\/index.php?rest_route=\/wp\/v2\/pages\/3765"}],"collection":[{"href":"http:\/\/www.vsbadschoenau.ac.at\/index.php?rest_route=\/wp\/v2\/pages"}],"about":[{"href":"http:\/\/www.vsbadschoenau.ac.at\/index.php?rest_route=\/wp\/v2\/types\/page"}],"author":[{"embeddable":true,"href":"http:\/\/www.vsbadschoenau.ac.at\/index.php?rest_route=\/wp\/v2\/users\/1"}],"replies":[{"embeddable":true,"href":"http:\/\/www.vsbadschoenau.ac.at\/index.php?rest_route=%2Fwp%2Fv2%2Fcomments&post=3765"}],"version-history":[{"count":2,"href":"http:\/\/www.vsbadschoenau.ac.at\/index.php?rest_route=\/wp\/v2\/pages\/3765\/revisions"}],"predecessor-version":[{"id":3771,"href":"http:\/\/www.vsbadschoenau.ac.at\/index.php?rest_route=\/wp\/v2\/pages\/3765\/revisions\/3771"}],"wp:attachment":[{"href":"http:\/\/www.vsbadschoenau.ac.at\/index.php?rest_route=%2Fwp%2Fv2%2Fmedia&parent=3765"}],"curies":[{"name":"wp","href":"https:\/\/api.w.org\/{rel}","templated":true}]}}