{"id":3797,"date":"2024-06-07T05:42:15","date_gmt":"2024-06-07T05:42:15","guid":{"rendered":"https:\/\/www.vsbadschoenau.ac.at\/?page_id=3797"},"modified":"2024-06-07T05:44:37","modified_gmt":"2024-06-07T05:44:37","slug":"marienkaefer","status":"publish","type":"page","link":"http:\/\/www.vsbadschoenau.ac.at\/?page_id=3797","title":{"rendered":"Marienk\u00e4fer"},"content":{"rendered":"\n<figure class=\"is-layout-flex wp-block-gallery-1 wp-block-gallery has-nested-images columns-2 is-cropped\">\n<figure class=\"wp-block-image size-large is-style-default\"><img decoding=\"async\" loading=\"lazy\" width=\"768\" height=\"1024\" data-id=\"3800\"  src=\"https:\/\/www.vsbadschoenau.ac.at\/wp-content\/uploads\/2024\/06\/IMG-20240528-WA0000-768x1024.jpg\" alt=\"\" class=\"wp-image-3800\" srcset=\"http:\/\/www.vsbadschoenau.ac.at\/wp-content\/uploads\/2024\/06\/IMG-20240528-WA0000-768x1024.jpg 768w, http:\/\/www.vsbadschoenau.ac.at\/wp-content\/uploads\/2024\/06\/IMG-20240528-WA0000-225x300.jpg 225w, http:\/\/www.vsbadschoenau.ac.at\/wp-content\/uploads\/2024\/06\/IMG-20240528-WA0000-1152x1536.jpg 1152w, http:\/\/www.vsbadschoenau.ac.at\/wp-content\/uploads\/2024\/06\/IMG-20240528-WA0000.jpg 1200w\" sizes=\"(max-width: 768px) 100vw, 768px\" \/><\/figure>\n\n\n\n<figure class=\"wp-block-image size-large is-style-default\"><img decoding=\"async\" loading=\"lazy\" width=\"1024\" height=\"768\" data-id=\"3801\"  src=\"https:\/\/www.vsbadschoenau.ac.at\/wp-content\/uploads\/2024\/06\/IMG-20240528-WA0005-1024x768.jpg\" alt=\"\" class=\"wp-image-3801\" srcset=\"http:\/\/www.vsbadschoenau.ac.at\/wp-content\/uploads\/2024\/06\/IMG-20240528-WA0005-1024x768.jpg 1024w, http:\/\/www.vsbadschoenau.ac.at\/wp-content\/uploads\/2024\/06\/IMG-20240528-WA0005-300x225.jpg 300w, http:\/\/www.vsbadschoenau.ac.at\/wp-content\/uploads\/2024\/06\/IMG-20240528-WA0005-768x576.jpg 768w, http:\/\/www.vsbadschoenau.ac.at\/wp-content\/uploads\/2024\/06\/IMG-20240528-WA0005-1536x1152.jpg 1536w, http:\/\/www.vsbadschoenau.ac.at\/wp-content\/uploads\/2024\/06\/IMG-20240528-WA0005.jpg 2048w\" sizes=\"(max-width: 1024px) 100vw, 1024px\" \/><\/figure>\n\n\n\n<figure class=\"wp-block-image size-large is-style-default\"><img decoding=\"async\" loading=\"lazy\" width=\"768\" height=\"1024\" data-id=\"3802\"  src=\"https:\/\/www.vsbadschoenau.ac.at\/wp-content\/uploads\/2024\/06\/IMG-20240528-WA0007-768x1024.jpg\" alt=\"\" class=\"wp-image-3802\" srcset=\"http:\/\/www.vsbadschoenau.ac.at\/wp-content\/uploads\/2024\/06\/IMG-20240528-WA0007-768x1024.jpg 768w, http:\/\/www.vsbadschoenau.ac.at\/wp-content\/uploads\/2024\/06\/IMG-20240528-WA0007-225x300.jpg 225w, http:\/\/www.vsbadschoenau.ac.at\/wp-content\/uploads\/2024\/06\/IMG-20240528-WA0007-1152x1536.jpg 1152w, http:\/\/www.vsbadschoenau.ac.at\/wp-content\/uploads\/2024\/06\/IMG-20240528-WA0007.jpg 1536w\" sizes=\"(max-width: 768px) 100vw, 768px\" \/><\/figure>\n\n\n\n<figure class=\"wp-block-image size-large is-style-default\"><img decoding=\"async\" loading=\"lazy\" width=\"768\" height=\"1024\" data-id=\"3799\"  src=\"https:\/\/www.vsbadschoenau.ac.at\/wp-content\/uploads\/2024\/06\/IMG-20240528-WA0009-768x1024.jpg\" alt=\"\" class=\"wp-image-3799\" srcset=\"http:\/\/www.vsbadschoenau.ac.at\/wp-content\/uploads\/2024\/06\/IMG-20240528-WA0009-768x1024.jpg 768w, http:\/\/www.vsbadschoenau.ac.at\/wp-content\/uploads\/2024\/06\/IMG-20240528-WA0009-225x300.jpg 225w, http:\/\/www.vsbadschoenau.ac.at\/wp-content\/uploads\/2024\/06\/IMG-20240528-WA0009-1152x1536.jpg 1152w, http:\/\/www.vsbadschoenau.ac.at\/wp-content\/uploads\/2024\/06\/IMG-20240528-WA0009.jpg 1200w\" sizes=\"(max-width: 768px) 100vw, 768px\" \/><\/figure>\n\n\n\n<figure class=\"wp-block-image size-large is-style-default\"><img decoding=\"async\" loading=\"lazy\" width=\"1024\" height=\"768\" data-id=\"3798\"  src=\"https:\/\/www.vsbadschoenau.ac.at\/wp-content\/uploads\/2024\/06\/IMG-20240528-WA0006-1024x768.jpg\" alt=\"\" class=\"wp-image-3798\" srcset=\"http:\/\/www.vsbadschoenau.ac.at\/wp-content\/uploads\/2024\/06\/IMG-20240528-WA0006-1024x768.jpg 1024w, http:\/\/www.vsbadschoenau.ac.at\/wp-content\/uploads\/2024\/06\/IMG-20240528-WA0006-300x225.jpg 300w, http:\/\/www.vsbadschoenau.ac.at\/wp-content\/uploads\/2024\/06\/IMG-20240528-WA0006-768x576.jpg 768w, http:\/\/www.vsbadschoenau.ac.at\/wp-content\/uploads\/2024\/06\/IMG-20240528-WA0006-1536x1152.jpg 1536w, http:\/\/www.vsbadschoenau.ac.at\/wp-content\/uploads\/2024\/06\/IMG-20240528-WA0006.jpg 2048w\" sizes=\"(max-width: 1024px) 100vw, 1024px\" \/><\/figure>\n<\/figure>\n\n\n\n<p class=\"has-text-align-center has-vivid-red-color has-text-color\"><strong>Die Kinder der VS konnten bei unserem heurigen Tierprojekt den Marienk\u00e4fer besser kennenlernen. Sie beobachteten den Lebenszyklus des Tieres von der Larve bis zum fertigen Marienk\u00e4fer. Nach einigen Wochen wurden die Marienk\u00e4fer in die Natur freigelassen. Die Sch\u00fcler und Sch\u00fclerinnen hatten viel Spa\u00df beim Projekt und zeigten gro\u00dfes Interesse an den Tieren. <\/strong><\/p>\n\n\n\n<p><a href=\"http:\/\/www.vsbadschoenau.ac.at\/?accordions=galerie-23-24\">Zur\u00fcck zur Galerie<\/a><\/p>\n","protected":false},"excerpt":{"rendered":"<p>Die Kinder der VS konnten bei unserem heurigen Tierprojekt den Marienk\u00e4fer besser kennenlernen. Sie beobachteten den Lebenszyklus des Tieres von der Larve bis zum fertigen Marienk\u00e4fer. Nach einigen Wochen wurden die Marienk\u00e4fer in die Natur freigelassen. Die Sch\u00fcler und Sch\u00fclerinnen hatten viel Spa\u00df beim Projekt und zeigten gro\u00dfes Interesse an den Tieren. Zur\u00fcck zur Galerie<\/p>\n","protected":false},"author":1,"featured_media":0,"parent":0,"menu_order":0,"comment_status":"closed","ping_status":"closed","template":"","meta":[],"_links":{"self":[{"href":"http:\/\/www.vsbadschoenau.ac.at\/index.php?rest_route=\/wp\/v2\/pages\/3797"}],"collection":[{"href":"http:\/\/www.vsbadschoenau.ac.at\/index.php?rest_route=\/wp\/v2\/pages"}],"about":[{"href":"http:\/\/www.vsbadschoenau.ac.at\/index.php?rest_route=\/wp\/v2\/types\/page"}],"author":[{"embeddable":true,"href":"http:\/\/www.vsbadschoenau.ac.at\/index.php?rest_route=\/wp\/v2\/users\/1"}],"replies":[{"embeddable":true,"href":"http:\/\/www.vsbadschoenau.ac.at\/index.php?rest_route=%2Fwp%2Fv2%2Fcomments&post=3797"}],"version-history":[{"count":2,"href":"http:\/\/www.vsbadschoenau.ac.at\/index.php?rest_route=\/wp\/v2\/pages\/3797\/revisions"}],"predecessor-version":[{"id":3805,"href":"http:\/\/www.vsbadschoenau.ac.at\/index.php?rest_route=\/wp\/v2\/pages\/3797\/revisions\/3805"}],"wp:attachment":[{"href":"http:\/\/www.vsbadschoenau.ac.at\/index.php?rest_route=%2Fwp%2Fv2%2Fmedia&parent=3797"}],"curies":[{"name":"wp","href":"https:\/\/api.w.org\/{rel}","templated":true}]}}