{"id":3807,"date":"2024-06-24T06:18:29","date_gmt":"2024-06-24T06:18:29","guid":{"rendered":"https:\/\/www.vsbadschoenau.ac.at\/?page_id=3807"},"modified":"2024-06-24T06:44:40","modified_gmt":"2024-06-24T06:44:40","slug":"st-poelten","status":"publish","type":"page","link":"http:\/\/www.vsbadschoenau.ac.at\/?page_id=3807","title":{"rendered":"St. P\u00f6lten"},"content":{"rendered":"\n<figure class=\"is-layout-flex wp-block-gallery-1 wp-block-gallery has-nested-images columns-1 is-cropped\">\n<figure class=\"wp-block-image size-large is-style-default\"><img decoding=\"async\" loading=\"lazy\" width=\"1024\" height=\"768\" data-id=\"3808\"  src=\"https:\/\/www.vsbadschoenau.ac.at\/wp-content\/uploads\/2024\/06\/IMG-20240610-WA0000-1024x768.jpg\" alt=\"\" class=\"wp-image-3808\" srcset=\"http:\/\/www.vsbadschoenau.ac.at\/wp-content\/uploads\/2024\/06\/IMG-20240610-WA0000-1024x768.jpg 1024w, http:\/\/www.vsbadschoenau.ac.at\/wp-content\/uploads\/2024\/06\/IMG-20240610-WA0000-300x225.jpg 300w, http:\/\/www.vsbadschoenau.ac.at\/wp-content\/uploads\/2024\/06\/IMG-20240610-WA0000-768x576.jpg 768w, http:\/\/www.vsbadschoenau.ac.at\/wp-content\/uploads\/2024\/06\/IMG-20240610-WA0000-1536x1152.jpg 1536w, http:\/\/www.vsbadschoenau.ac.at\/wp-content\/uploads\/2024\/06\/IMG-20240610-WA0000.jpg 1600w\" sizes=\"(max-width: 1024px) 100vw, 1024px\" \/><\/figure>\n\n\n\n<figure class=\"wp-block-image size-large is-style-default\"><img decoding=\"async\" loading=\"lazy\" width=\"768\" height=\"1024\" data-id=\"3809\"  src=\"https:\/\/www.vsbadschoenau.ac.at\/wp-content\/uploads\/2024\/06\/IMG-20240610-WA0001-768x1024.jpg\" alt=\"\" class=\"wp-image-3809\" srcset=\"http:\/\/www.vsbadschoenau.ac.at\/wp-content\/uploads\/2024\/06\/IMG-20240610-WA0001-768x1024.jpg 768w, http:\/\/www.vsbadschoenau.ac.at\/wp-content\/uploads\/2024\/06\/IMG-20240610-WA0001-225x300.jpg 225w, http:\/\/www.vsbadschoenau.ac.at\/wp-content\/uploads\/2024\/06\/IMG-20240610-WA0001-1152x1536.jpg 1152w, http:\/\/www.vsbadschoenau.ac.at\/wp-content\/uploads\/2024\/06\/IMG-20240610-WA0001.jpg 1200w\" sizes=\"(max-width: 768px) 100vw, 768px\" \/><\/figure>\n<\/figure>\n\n\n\n<p class=\"has-text-align-center has-vivid-green-cyan-color has-text-color\"><strong>Vom 10. Bis 11. Juni gings zu den Projekttagen nach St. P\u00f6lten und in die Wachau. Wir bewunderten das Stift Melk, fuhren mit dem Schiff auf der Donau und sahen die Altstadt und das Landhausviertel unserer Landeshauptstadt. Abgerundet wurde unser Besuch durch eine F\u00fchrung durch das Landesmuseum. Es waren zwei wundersch\u00f6ne Tage!<\/strong><\/p>\n\n\n\n<p><a href=\"http:\/\/www.vsbadschoenau.ac.at\/?accordions=galerie-23-24\">Zur\u00fcck zur Galerie<\/a><\/p>\n","protected":false},"excerpt":{"rendered":"<p>Vom 10. Bis 11. Juni gings zu den Projekttagen nach St. P\u00f6lten und in die Wachau. Wir bewunderten das Stift Melk, fuhren mit dem Schiff auf der Donau und sahen die Altstadt und das Landhausviertel unserer Landeshauptstadt. Abgerundet wurde unser Besuch durch eine F\u00fchrung durch das Landesmuseum. Es waren zwei wundersch\u00f6ne Tage! Zur\u00fcck zur Galerie<\/p>\n","protected":false},"author":1,"featured_media":0,"parent":0,"menu_order":0,"comment_status":"closed","ping_status":"closed","template":"","meta":[],"_links":{"self":[{"href":"http:\/\/www.vsbadschoenau.ac.at\/index.php?rest_route=\/wp\/v2\/pages\/3807"}],"collection":[{"href":"http:\/\/www.vsbadschoenau.ac.at\/index.php?rest_route=\/wp\/v2\/pages"}],"about":[{"href":"http:\/\/www.vsbadschoenau.ac.at\/index.php?rest_route=\/wp\/v2\/types\/page"}],"author":[{"embeddable":true,"href":"http:\/\/www.vsbadschoenau.ac.at\/index.php?rest_route=\/wp\/v2\/users\/1"}],"replies":[{"embeddable":true,"href":"http:\/\/www.vsbadschoenau.ac.at\/index.php?rest_route=%2Fwp%2Fv2%2Fcomments&post=3807"}],"version-history":[{"count":2,"href":"http:\/\/www.vsbadschoenau.ac.at\/index.php?rest_route=\/wp\/v2\/pages\/3807\/revisions"}],"predecessor-version":[{"id":3822,"href":"http:\/\/www.vsbadschoenau.ac.at\/index.php?rest_route=\/wp\/v2\/pages\/3807\/revisions\/3822"}],"wp:attachment":[{"href":"http:\/\/www.vsbadschoenau.ac.at\/index.php?rest_route=%2Fwp%2Fv2%2Fmedia&parent=3807"}],"curies":[{"name":"wp","href":"https:\/\/api.w.org\/{rel}","templated":true}]}}