{"id":3817,"date":"2024-06-24T06:36:02","date_gmt":"2024-06-24T06:36:02","guid":{"rendered":"https:\/\/www.vsbadschoenau.ac.at\/?page_id=3817"},"modified":"2024-06-24T06:36:02","modified_gmt":"2024-06-24T06:36:02","slug":"feuerwehruebung","status":"publish","type":"page","link":"http:\/\/www.vsbadschoenau.ac.at\/?page_id=3817","title":{"rendered":"Feuerwehr\u00fcbung"},"content":{"rendered":"\n<figure class=\"is-layout-flex wp-block-gallery-1 wp-block-gallery has-nested-images columns-default is-cropped\">\n<figure class=\"wp-block-image size-large is-style-default\"><img decoding=\"async\" loading=\"lazy\" width=\"1024\" height=\"768\" data-id=\"3818\"  src=\"https:\/\/www.vsbadschoenau.ac.at\/wp-content\/uploads\/2024\/06\/IMG-20240614-WA0007-1024x768.jpg\" alt=\"\" class=\"wp-image-3818\" srcset=\"http:\/\/www.vsbadschoenau.ac.at\/wp-content\/uploads\/2024\/06\/IMG-20240614-WA0007-1024x768.jpg 1024w, http:\/\/www.vsbadschoenau.ac.at\/wp-content\/uploads\/2024\/06\/IMG-20240614-WA0007-300x225.jpg 300w, http:\/\/www.vsbadschoenau.ac.at\/wp-content\/uploads\/2024\/06\/IMG-20240614-WA0007-768x576.jpg 768w, http:\/\/www.vsbadschoenau.ac.at\/wp-content\/uploads\/2024\/06\/IMG-20240614-WA0007-1536x1152.jpg 1536w, http:\/\/www.vsbadschoenau.ac.at\/wp-content\/uploads\/2024\/06\/IMG-20240614-WA0007.jpg 1600w\" sizes=\"(max-width: 1024px) 100vw, 1024px\" \/><\/figure>\n\n\n\n<figure class=\"wp-block-image size-large is-style-default\"><img decoding=\"async\" loading=\"lazy\" width=\"1024\" height=\"768\" data-id=\"3819\"  src=\"https:\/\/www.vsbadschoenau.ac.at\/wp-content\/uploads\/2024\/06\/IMG-20240614-WA0010-1024x768.jpg\" alt=\"\" class=\"wp-image-3819\" srcset=\"http:\/\/www.vsbadschoenau.ac.at\/wp-content\/uploads\/2024\/06\/IMG-20240614-WA0010-1024x768.jpg 1024w, http:\/\/www.vsbadschoenau.ac.at\/wp-content\/uploads\/2024\/06\/IMG-20240614-WA0010-300x225.jpg 300w, http:\/\/www.vsbadschoenau.ac.at\/wp-content\/uploads\/2024\/06\/IMG-20240614-WA0010-768x576.jpg 768w, http:\/\/www.vsbadschoenau.ac.at\/wp-content\/uploads\/2024\/06\/IMG-20240614-WA0010-1536x1152.jpg 1536w, http:\/\/www.vsbadschoenau.ac.at\/wp-content\/uploads\/2024\/06\/IMG-20240614-WA0010.jpg 1600w\" sizes=\"(max-width: 1024px) 100vw, 1024px\" \/><\/figure>\n<\/figure>\n\n\n\n<p class=\"has-text-align-center has-vivid-red-color has-text-color\"><strong>Wie jedes Jahr fand unsere Feuerwehr\u00fcbung in der Volksschule statt. Ein gro\u00dfes Dankesch\u00f6n geht an unsere Feuerwehr f\u00fcr ihre Zeit und M\u00fche!<\/strong><\/p>\n","protected":false},"excerpt":{"rendered":"<p>Wie jedes Jahr fand unsere Feuerwehr\u00fcbung in der Volksschule statt. Ein gro\u00dfes Dankesch\u00f6n geht an unsere Feuerwehr f\u00fcr ihre Zeit und M\u00fche!<\/p>\n","protected":false},"author":1,"featured_media":0,"parent":0,"menu_order":0,"comment_status":"closed","ping_status":"closed","template":"","meta":[],"_links":{"self":[{"href":"http:\/\/www.vsbadschoenau.ac.at\/index.php?rest_route=\/wp\/v2\/pages\/3817"}],"collection":[{"href":"http:\/\/www.vsbadschoenau.ac.at\/index.php?rest_route=\/wp\/v2\/pages"}],"about":[{"href":"http:\/\/www.vsbadschoenau.ac.at\/index.php?rest_route=\/wp\/v2\/types\/page"}],"author":[{"embeddable":true,"href":"http:\/\/www.vsbadschoenau.ac.at\/index.php?rest_route=\/wp\/v2\/users\/1"}],"replies":[{"embeddable":true,"href":"http:\/\/www.vsbadschoenau.ac.at\/index.php?rest_route=%2Fwp%2Fv2%2Fcomments&post=3817"}],"version-history":[{"count":1,"href":"http:\/\/www.vsbadschoenau.ac.at\/index.php?rest_route=\/wp\/v2\/pages\/3817\/revisions"}],"predecessor-version":[{"id":3820,"href":"http:\/\/www.vsbadschoenau.ac.at\/index.php?rest_route=\/wp\/v2\/pages\/3817\/revisions\/3820"}],"wp:attachment":[{"href":"http:\/\/www.vsbadschoenau.ac.at\/index.php?rest_route=%2Fwp%2Fv2%2Fmedia&parent=3817"}],"curies":[{"name":"wp","href":"https:\/\/api.w.org\/{rel}","templated":true}]}}