{"id":3964,"date":"2025-01-27T09:13:23","date_gmt":"2025-01-27T09:13:23","guid":{"rendered":"https:\/\/www.vsbadschoenau.ac.at\/?page_id=3964"},"modified":"2025-01-31T07:51:24","modified_gmt":"2025-01-31T07:51:24","slug":"besuch-auf-dem-gemeindeamt","status":"publish","type":"page","link":"http:\/\/www.vsbadschoenau.ac.at\/?page_id=3964","title":{"rendered":"Besuch auf dem Gemeindeamt"},"content":{"rendered":"<div class=\"wp-block-image is-style-default\">\n<figure class=\"aligncenter size-large\"><img decoding=\"async\" loading=\"lazy\" width=\"1024\" height=\"768\" src=\"https:\/\/www.vsbadschoenau.ac.at\/wp-content\/uploads\/2025\/01\/IMG-20250122-WA0003-1024x768.jpg\" alt=\"\" class=\"wp-image-3965\" srcset=\"http:\/\/www.vsbadschoenau.ac.at\/wp-content\/uploads\/2025\/01\/IMG-20250122-WA0003-1024x768.jpg 1024w, http:\/\/www.vsbadschoenau.ac.at\/wp-content\/uploads\/2025\/01\/IMG-20250122-WA0003-300x225.jpg 300w, http:\/\/www.vsbadschoenau.ac.at\/wp-content\/uploads\/2025\/01\/IMG-20250122-WA0003-768x576.jpg 768w, http:\/\/www.vsbadschoenau.ac.at\/wp-content\/uploads\/2025\/01\/IMG-20250122-WA0003-1536x1152.jpg 1536w, http:\/\/www.vsbadschoenau.ac.at\/wp-content\/uploads\/2025\/01\/IMG-20250122-WA0003.jpg 2048w\" sizes=\"(max-width: 1024px) 100vw, 1024px\" \/><\/figure><\/div>\n\n\n<p class=\"has-text-align-center has-vivid-purple-color has-text-color\"><strong>Bei einem Besuch auf dem Gemeindeamt konnten die Kinder aus erster Hand viel \u00fcber die Aufgaben einer Gemeinde erfahren. Wir danken Herrn B\u00fcrgermeister Ferdinand Schwarz und dem gesamten Team der Gemeinde daf\u00fcr. <\/strong><\/p>\n\n\n\n<p><a href=\"https:\/\/www.vsbadschoenau.ac.at\/?accordions=galerie-2024-25\">Zur\u00fcck zur Galerie<\/a><\/p>\n","protected":false},"excerpt":{"rendered":"<p>Bei einem Besuch auf dem Gemeindeamt konnten die Kinder aus erster Hand viel \u00fcber die Aufgaben einer Gemeinde erfahren. Wir danken Herrn B\u00fcrgermeister Ferdinand Schwarz und dem gesamten Team der Gemeinde daf\u00fcr. Zur\u00fcck zur Galerie<\/p>\n","protected":false},"author":1,"featured_media":0,"parent":0,"menu_order":0,"comment_status":"closed","ping_status":"closed","template":"","meta":[],"_links":{"self":[{"href":"http:\/\/www.vsbadschoenau.ac.at\/index.php?rest_route=\/wp\/v2\/pages\/3964"}],"collection":[{"href":"http:\/\/www.vsbadschoenau.ac.at\/index.php?rest_route=\/wp\/v2\/pages"}],"about":[{"href":"http:\/\/www.vsbadschoenau.ac.at\/index.php?rest_route=\/wp\/v2\/types\/page"}],"author":[{"embeddable":true,"href":"http:\/\/www.vsbadschoenau.ac.at\/index.php?rest_route=\/wp\/v2\/users\/1"}],"replies":[{"embeddable":true,"href":"http:\/\/www.vsbadschoenau.ac.at\/index.php?rest_route=%2Fwp%2Fv2%2Fcomments&post=3964"}],"version-history":[{"count":2,"href":"http:\/\/www.vsbadschoenau.ac.at\/index.php?rest_route=\/wp\/v2\/pages\/3964\/revisions"}],"predecessor-version":[{"id":3974,"href":"http:\/\/www.vsbadschoenau.ac.at\/index.php?rest_route=\/wp\/v2\/pages\/3964\/revisions\/3974"}],"wp:attachment":[{"href":"http:\/\/www.vsbadschoenau.ac.at\/index.php?rest_route=%2Fwp%2Fv2%2Fmedia&parent=3964"}],"curies":[{"name":"wp","href":"https:\/\/api.w.org\/{rel}","templated":true}]}}