{"id":4005,"date":"2025-02-24T09:09:05","date_gmt":"2025-02-24T09:09:05","guid":{"rendered":"https:\/\/www.vsbadschoenau.ac.at\/?page_id=4005"},"modified":"2025-02-25T07:26:45","modified_gmt":"2025-02-25T07:26:45","slug":"schwimmkurs-pinkafeld-2","status":"publish","type":"page","link":"http:\/\/www.vsbadschoenau.ac.at\/?page_id=4005","title":{"rendered":"Schwimmkurs Pinkafeld"},"content":{"rendered":"<div class=\"wp-block-image is-style-default\">\n<figure class=\"aligncenter size-large\"><img decoding=\"async\" loading=\"lazy\" width=\"768\" height=\"1024\" src=\"http:\/\/www.vsbadschoenau.ac.at\/wp-content\/uploads\/2025\/02\/IMG-20250224-WA0000-768x1024.jpg\" alt=\"\" class=\"wp-image-4006\" srcset=\"http:\/\/www.vsbadschoenau.ac.at\/wp-content\/uploads\/2025\/02\/IMG-20250224-WA0000-768x1024.jpg 768w, http:\/\/www.vsbadschoenau.ac.at\/wp-content\/uploads\/2025\/02\/IMG-20250224-WA0000-225x300.jpg 225w, http:\/\/www.vsbadschoenau.ac.at\/wp-content\/uploads\/2025\/02\/IMG-20250224-WA0000-1152x1536.jpg 1152w, http:\/\/www.vsbadschoenau.ac.at\/wp-content\/uploads\/2025\/02\/IMG-20250224-WA0000.jpg 1200w\" sizes=\"(max-width: 768px) 100vw, 768px\" \/><\/figure><\/div>\n\n\n<p class=\"has-text-align-center has-vivid-cyan-blue-color has-text-color\"><strong>Bei der Schwimmwoche im Allwetterbad in Pinkafeld konnten die Kinder der 3. und 4. Schulstufe ihre Schwimmkenntnisse verbessern und verschiedene Schwimmabzeichen ablegen. Das gemeinsame Schwimmen, Tauchen, Rutschen und Springen macht allen gro\u00dfen Spa\u00df. <\/strong><\/p>\n\n\n\n<p><a href=\"https:\/\/www.vsbadschoenau.ac.at\/?accordions=galerie-2024-25\">Zur\u00fcck zur Galerie<\/a><\/p>\n","protected":false},"excerpt":{"rendered":"<p>Bei der Schwimmwoche im Allwetterbad in Pinkafeld konnten die Kinder der 3. und 4. Schulstufe ihre Schwimmkenntnisse verbessern und verschiedene Schwimmabzeichen ablegen. Das gemeinsame Schwimmen, Tauchen, Rutschen und Springen macht allen gro\u00dfen Spa\u00df. Zur\u00fcck zur Galerie<\/p>\n","protected":false},"author":1,"featured_media":0,"parent":0,"menu_order":0,"comment_status":"closed","ping_status":"closed","template":"","meta":[],"_links":{"self":[{"href":"http:\/\/www.vsbadschoenau.ac.at\/index.php?rest_route=\/wp\/v2\/pages\/4005"}],"collection":[{"href":"http:\/\/www.vsbadschoenau.ac.at\/index.php?rest_route=\/wp\/v2\/pages"}],"about":[{"href":"http:\/\/www.vsbadschoenau.ac.at\/index.php?rest_route=\/wp\/v2\/types\/page"}],"author":[{"embeddable":true,"href":"http:\/\/www.vsbadschoenau.ac.at\/index.php?rest_route=\/wp\/v2\/users\/1"}],"replies":[{"embeddable":true,"href":"http:\/\/www.vsbadschoenau.ac.at\/index.php?rest_route=%2Fwp%2Fv2%2Fcomments&post=4005"}],"version-history":[{"count":2,"href":"http:\/\/www.vsbadschoenau.ac.at\/index.php?rest_route=\/wp\/v2\/pages\/4005\/revisions"}],"predecessor-version":[{"id":4012,"href":"http:\/\/www.vsbadschoenau.ac.at\/index.php?rest_route=\/wp\/v2\/pages\/4005\/revisions\/4012"}],"wp:attachment":[{"href":"http:\/\/www.vsbadschoenau.ac.at\/index.php?rest_route=%2Fwp%2Fv2%2Fmedia&parent=4005"}],"curies":[{"name":"wp","href":"https:\/\/api.w.org\/{rel}","templated":true}]}}