{"id":4035,"date":"2025-04-10T08:26:09","date_gmt":"2025-04-10T08:26:09","guid":{"rendered":"https:\/\/www.vsbadschoenau.ac.at\/?page_id=4035"},"modified":"2025-04-10T08:26:09","modified_gmt":"2025-04-10T08:26:09","slug":"sieg-beim-sumsi-kids-cup-in-sollenau","status":"publish","type":"page","link":"http:\/\/www.vsbadschoenau.ac.at\/?page_id=4035","title":{"rendered":"Sieg beim Sumsi Kids Cup in Sollenau"},"content":{"rendered":"\n<figure class=\"is-layout-flex wp-block-gallery-1 wp-block-gallery has-nested-images columns-2 is-cropped\">\n<figure class=\"wp-block-image size-large is-style-default\"><img decoding=\"async\" loading=\"lazy\" width=\"768\" height=\"1024\" data-id=\"4037\"  src=\"https:\/\/www.vsbadschoenau.ac.at\/wp-content\/uploads\/2025\/04\/IMG-20250410-WA0000-768x1024.jpg\" alt=\"\" class=\"wp-image-4037\" srcset=\"http:\/\/www.vsbadschoenau.ac.at\/wp-content\/uploads\/2025\/04\/IMG-20250410-WA0000-768x1024.jpg 768w, http:\/\/www.vsbadschoenau.ac.at\/wp-content\/uploads\/2025\/04\/IMG-20250410-WA0000-225x300.jpg 225w, http:\/\/www.vsbadschoenau.ac.at\/wp-content\/uploads\/2025\/04\/IMG-20250410-WA0000-1152x1536.jpg 1152w, http:\/\/www.vsbadschoenau.ac.at\/wp-content\/uploads\/2025\/04\/IMG-20250410-WA0000.jpg 1200w\" sizes=\"(max-width: 768px) 100vw, 768px\" \/><\/figure>\n\n\n\n<figure class=\"wp-block-image size-large is-style-default\"><img decoding=\"async\" loading=\"lazy\" width=\"768\" height=\"1024\" data-id=\"4038\"  src=\"https:\/\/www.vsbadschoenau.ac.at\/wp-content\/uploads\/2025\/04\/IMG-20250410-WA0001-768x1024.jpg\" alt=\"\" class=\"wp-image-4038\" srcset=\"http:\/\/www.vsbadschoenau.ac.at\/wp-content\/uploads\/2025\/04\/IMG-20250410-WA0001-768x1024.jpg 768w, http:\/\/www.vsbadschoenau.ac.at\/wp-content\/uploads\/2025\/04\/IMG-20250410-WA0001-225x300.jpg 225w, http:\/\/www.vsbadschoenau.ac.at\/wp-content\/uploads\/2025\/04\/IMG-20250410-WA0001-1152x1536.jpg 1152w, http:\/\/www.vsbadschoenau.ac.at\/wp-content\/uploads\/2025\/04\/IMG-20250410-WA0001.jpg 1200w\" sizes=\"(max-width: 768px) 100vw, 768px\" \/><\/figure>\n\n\n\n<figure class=\"wp-block-image size-large is-style-default\"><img decoding=\"async\" loading=\"lazy\" width=\"524\" height=\"1024\" data-id=\"4036\"  src=\"https:\/\/www.vsbadschoenau.ac.at\/wp-content\/uploads\/2025\/04\/IMG-20250410-WA0007-524x1024.jpg\" alt=\"\" class=\"wp-image-4036\" srcset=\"http:\/\/www.vsbadschoenau.ac.at\/wp-content\/uploads\/2025\/04\/IMG-20250410-WA0007-524x1024.jpg 524w, http:\/\/www.vsbadschoenau.ac.at\/wp-content\/uploads\/2025\/04\/IMG-20250410-WA0007-154x300.jpg 154w, http:\/\/www.vsbadschoenau.ac.at\/wp-content\/uploads\/2025\/04\/IMG-20250410-WA0007.jpg 614w\" sizes=\"(max-width: 524px) 100vw, 524px\" \/><\/figure>\n<\/figure>\n\n\n\n<p class=\"has-text-align-center has-vivid-red-color has-text-color\">Gro\u00dfer Jubel in Sollenau: Beim spannenden Finale des Fu\u00dfball-Sumsi-Cups setzte sich unsere Mannschaft mit einem knappen 1:0 gegen Krumbach durch und sicherte sich den 1. Platz! Mit starkem Teamgeist und Einsatz gelang der verdiente Turniersieg. Damit qualifizierten sich die Spieler f\u00fcr das Regionalturnier in Scheiblingkirchen. Trainer Rene und Mario und der gesamte Fanclub freuen sich sehr f\u00fcr die Mannschaft! Gratulation an das gesamte Team f\u00fcr diese tolle Leistung!<\/p>\n","protected":false},"excerpt":{"rendered":"<p>Gro\u00dfer Jubel in Sollenau: Beim spannenden Finale des Fu\u00dfball-Sumsi-Cups setzte sich unsere Mannschaft mit einem knappen 1:0 gegen Krumbach durch und sicherte sich den 1. Platz! Mit starkem Teamgeist und Einsatz gelang der verdiente Turniersieg. Damit qualifizierten sich die Spieler f\u00fcr das Regionalturnier in Scheiblingkirchen. Trainer Rene und Mario und der gesamte Fanclub freuen sich [&hellip;]<\/p>\n","protected":false},"author":1,"featured_media":0,"parent":0,"menu_order":0,"comment_status":"closed","ping_status":"closed","template":"","meta":[],"_links":{"self":[{"href":"http:\/\/www.vsbadschoenau.ac.at\/index.php?rest_route=\/wp\/v2\/pages\/4035"}],"collection":[{"href":"http:\/\/www.vsbadschoenau.ac.at\/index.php?rest_route=\/wp\/v2\/pages"}],"about":[{"href":"http:\/\/www.vsbadschoenau.ac.at\/index.php?rest_route=\/wp\/v2\/types\/page"}],"author":[{"embeddable":true,"href":"http:\/\/www.vsbadschoenau.ac.at\/index.php?rest_route=\/wp\/v2\/users\/1"}],"replies":[{"embeddable":true,"href":"http:\/\/www.vsbadschoenau.ac.at\/index.php?rest_route=%2Fwp%2Fv2%2Fcomments&post=4035"}],"version-history":[{"count":1,"href":"http:\/\/www.vsbadschoenau.ac.at\/index.php?rest_route=\/wp\/v2\/pages\/4035\/revisions"}],"predecessor-version":[{"id":4039,"href":"http:\/\/www.vsbadschoenau.ac.at\/index.php?rest_route=\/wp\/v2\/pages\/4035\/revisions\/4039"}],"wp:attachment":[{"href":"http:\/\/www.vsbadschoenau.ac.at\/index.php?rest_route=%2Fwp%2Fv2%2Fmedia&parent=4035"}],"curies":[{"name":"wp","href":"https:\/\/api.w.org\/{rel}","templated":true}]}}