{"id":4068,"date":"2025-06-13T07:07:28","date_gmt":"2025-06-13T07:07:28","guid":{"rendered":"https:\/\/www.vsbadschoenau.ac.at\/?page_id=4068"},"modified":"2025-06-13T07:15:34","modified_gmt":"2025-06-13T07:15:34","slug":"mistparty-2","status":"publish","type":"page","link":"http:\/\/www.vsbadschoenau.ac.at\/?page_id=4068","title":{"rendered":"Mistparty"},"content":{"rendered":"\n<figure class=\"is-layout-flex wp-block-gallery-1 wp-block-gallery has-nested-images columns-default is-cropped\">\n<figure class=\"wp-block-image size-large is-style-default\"><img decoding=\"async\" loading=\"lazy\" width=\"768\" height=\"1024\" data-id=\"4069\"  src=\"https:\/\/www.vsbadschoenau.ac.at\/wp-content\/uploads\/2025\/06\/IMG-20250606-WA0002-768x1024.jpg\" alt=\"\" class=\"wp-image-4069\" srcset=\"http:\/\/www.vsbadschoenau.ac.at\/wp-content\/uploads\/2025\/06\/IMG-20250606-WA0002-768x1024.jpg 768w, http:\/\/www.vsbadschoenau.ac.at\/wp-content\/uploads\/2025\/06\/IMG-20250606-WA0002-225x300.jpg 225w, http:\/\/www.vsbadschoenau.ac.at\/wp-content\/uploads\/2025\/06\/IMG-20250606-WA0002-1152x1536.jpg 1152w, http:\/\/www.vsbadschoenau.ac.at\/wp-content\/uploads\/2025\/06\/IMG-20250606-WA0002.jpg 1200w\" sizes=\"(max-width: 768px) 100vw, 768px\" \/><\/figure>\n\n\n\n<figure class=\"wp-block-image size-large is-style-default\"><img decoding=\"async\" loading=\"lazy\" width=\"768\" height=\"1024\" data-id=\"4070\"  src=\"https:\/\/www.vsbadschoenau.ac.at\/wp-content\/uploads\/2025\/06\/IMG-20250606-WA0003-768x1024.jpg\" alt=\"\" class=\"wp-image-4070\" srcset=\"http:\/\/www.vsbadschoenau.ac.at\/wp-content\/uploads\/2025\/06\/IMG-20250606-WA0003-768x1024.jpg 768w, http:\/\/www.vsbadschoenau.ac.at\/wp-content\/uploads\/2025\/06\/IMG-20250606-WA0003-225x300.jpg 225w, http:\/\/www.vsbadschoenau.ac.at\/wp-content\/uploads\/2025\/06\/IMG-20250606-WA0003-1152x1536.jpg 1152w, http:\/\/www.vsbadschoenau.ac.at\/wp-content\/uploads\/2025\/06\/IMG-20250606-WA0003.jpg 1200w\" sizes=\"(max-width: 768px) 100vw, 768px\" \/><\/figure>\n\n\n\n<figure class=\"wp-block-image size-large is-style-default\"><img decoding=\"async\" loading=\"lazy\" width=\"576\" height=\"1024\" data-id=\"4071\"  src=\"https:\/\/www.vsbadschoenau.ac.at\/wp-content\/uploads\/2025\/06\/IMG-20250606-WA0004-576x1024.jpg\" alt=\"\" class=\"wp-image-4071\" srcset=\"http:\/\/www.vsbadschoenau.ac.at\/wp-content\/uploads\/2025\/06\/IMG-20250606-WA0004-576x1024.jpg 576w, http:\/\/www.vsbadschoenau.ac.at\/wp-content\/uploads\/2025\/06\/IMG-20250606-WA0004-169x300.jpg 169w, http:\/\/www.vsbadschoenau.ac.at\/wp-content\/uploads\/2025\/06\/IMG-20250606-WA0004-768x1365.jpg 768w, http:\/\/www.vsbadschoenau.ac.at\/wp-content\/uploads\/2025\/06\/IMG-20250606-WA0004-864x1536.jpg 864w, http:\/\/www.vsbadschoenau.ac.at\/wp-content\/uploads\/2025\/06\/IMG-20250606-WA0004.jpg 900w\" sizes=\"(max-width: 576px) 100vw, 576px\" \/><\/figure>\n<\/figure>\n\n\n\n<p class=\"has-text-align-center has-vivid-green-cyan-color has-text-color\"><strong>Bei der sogenannten &#8222;Mistparty&#8220; lernten die Kinder das M\u00fclltrennungssystem von Wiener Neustadt und Umgebung kennen und verfolgten die einzelnen Stationen des M\u00fclls. <\/strong><\/p>\n\n\n\n<p><a href=\"https:\/\/www.vsbadschoenau.ac.at\/?accordions=galerie-2024-25\">Zur\u00fcck zur Galerie<\/a><\/p>\n","protected":false},"excerpt":{"rendered":"<p>Bei der sogenannten &#8222;Mistparty&#8220; lernten die Kinder das M\u00fclltrennungssystem von Wiener Neustadt und Umgebung kennen und verfolgten die einzelnen Stationen des M\u00fclls. Zur\u00fcck zur Galerie<\/p>\n","protected":false},"author":1,"featured_media":0,"parent":0,"menu_order":0,"comment_status":"closed","ping_status":"closed","template":"","meta":[],"_links":{"self":[{"href":"http:\/\/www.vsbadschoenau.ac.at\/index.php?rest_route=\/wp\/v2\/pages\/4068"}],"collection":[{"href":"http:\/\/www.vsbadschoenau.ac.at\/index.php?rest_route=\/wp\/v2\/pages"}],"about":[{"href":"http:\/\/www.vsbadschoenau.ac.at\/index.php?rest_route=\/wp\/v2\/types\/page"}],"author":[{"embeddable":true,"href":"http:\/\/www.vsbadschoenau.ac.at\/index.php?rest_route=\/wp\/v2\/users\/1"}],"replies":[{"embeddable":true,"href":"http:\/\/www.vsbadschoenau.ac.at\/index.php?rest_route=%2Fwp%2Fv2%2Fcomments&post=4068"}],"version-history":[{"count":2,"href":"http:\/\/www.vsbadschoenau.ac.at\/index.php?rest_route=\/wp\/v2\/pages\/4068\/revisions"}],"predecessor-version":[{"id":4081,"href":"http:\/\/www.vsbadschoenau.ac.at\/index.php?rest_route=\/wp\/v2\/pages\/4068\/revisions\/4081"}],"wp:attachment":[{"href":"http:\/\/www.vsbadschoenau.ac.at\/index.php?rest_route=%2Fwp%2Fv2%2Fmedia&parent=4068"}],"curies":[{"name":"wp","href":"https:\/\/api.w.org\/{rel}","templated":true}]}}