{"id":4074,"date":"2025-06-13T07:12:14","date_gmt":"2025-06-13T07:12:14","guid":{"rendered":"https:\/\/www.vsbadschoenau.ac.at\/?page_id=4074"},"modified":"2025-06-13T07:15:52","modified_gmt":"2025-06-13T07:15:52","slug":"rme-stunde","status":"publish","type":"page","link":"http:\/\/www.vsbadschoenau.ac.at\/?page_id=4074","title":{"rendered":"RME-Stunde"},"content":{"rendered":"\n<figure class=\"is-layout-flex wp-block-gallery-1 wp-block-gallery has-nested-images columns-2 is-cropped\">\n<figure class=\"wp-block-image size-large is-style-default\"><img decoding=\"async\" loading=\"lazy\" width=\"768\" height=\"1024\" data-id=\"4078\"  src=\"https:\/\/www.vsbadschoenau.ac.at\/wp-content\/uploads\/2025\/06\/IMG-20250606-WA0005-768x1024.jpg\" alt=\"\" class=\"wp-image-4078\" srcset=\"http:\/\/www.vsbadschoenau.ac.at\/wp-content\/uploads\/2025\/06\/IMG-20250606-WA0005-768x1024.jpg 768w, http:\/\/www.vsbadschoenau.ac.at\/wp-content\/uploads\/2025\/06\/IMG-20250606-WA0005-225x300.jpg 225w, http:\/\/www.vsbadschoenau.ac.at\/wp-content\/uploads\/2025\/06\/IMG-20250606-WA0005-1152x1536.jpg 1152w, http:\/\/www.vsbadschoenau.ac.at\/wp-content\/uploads\/2025\/06\/IMG-20250606-WA0005.jpg 1200w\" sizes=\"(max-width: 768px) 100vw, 768px\" \/><\/figure>\n\n\n\n<figure class=\"wp-block-image size-large is-style-default\"><img decoding=\"async\" loading=\"lazy\" width=\"768\" height=\"1024\" data-id=\"4076\"  src=\"https:\/\/www.vsbadschoenau.ac.at\/wp-content\/uploads\/2025\/06\/IMG-20250606-WA0006-768x1024.jpg\" alt=\"\" class=\"wp-image-4076\" srcset=\"http:\/\/www.vsbadschoenau.ac.at\/wp-content\/uploads\/2025\/06\/IMG-20250606-WA0006-768x1024.jpg 768w, http:\/\/www.vsbadschoenau.ac.at\/wp-content\/uploads\/2025\/06\/IMG-20250606-WA0006-225x300.jpg 225w, http:\/\/www.vsbadschoenau.ac.at\/wp-content\/uploads\/2025\/06\/IMG-20250606-WA0006-1152x1536.jpg 1152w, http:\/\/www.vsbadschoenau.ac.at\/wp-content\/uploads\/2025\/06\/IMG-20250606-WA0006.jpg 1200w\" sizes=\"(max-width: 768px) 100vw, 768px\" \/><\/figure>\n\n\n\n<figure class=\"wp-block-image size-large is-style-default\"><img decoding=\"async\" loading=\"lazy\" width=\"768\" height=\"1024\" data-id=\"4079\"  src=\"https:\/\/www.vsbadschoenau.ac.at\/wp-content\/uploads\/2025\/06\/IMG-20250606-WA0008-768x1024.jpg\" alt=\"\" class=\"wp-image-4079\" srcset=\"http:\/\/www.vsbadschoenau.ac.at\/wp-content\/uploads\/2025\/06\/IMG-20250606-WA0008-768x1024.jpg 768w, http:\/\/www.vsbadschoenau.ac.at\/wp-content\/uploads\/2025\/06\/IMG-20250606-WA0008-225x300.jpg 225w, http:\/\/www.vsbadschoenau.ac.at\/wp-content\/uploads\/2025\/06\/IMG-20250606-WA0008-1152x1536.jpg 1152w, http:\/\/www.vsbadschoenau.ac.at\/wp-content\/uploads\/2025\/06\/IMG-20250606-WA0008.jpg 1200w\" sizes=\"(max-width: 768px) 100vw, 768px\" \/><\/figure>\n\n\n\n<figure class=\"wp-block-image size-large is-style-default\"><img decoding=\"async\" loading=\"lazy\" width=\"768\" height=\"1024\" data-id=\"4077\"  src=\"https:\/\/www.vsbadschoenau.ac.at\/wp-content\/uploads\/2025\/06\/IMG-20250606-WA0009-768x1024.jpg\" alt=\"\" class=\"wp-image-4077\" srcset=\"http:\/\/www.vsbadschoenau.ac.at\/wp-content\/uploads\/2025\/06\/IMG-20250606-WA0009-768x1024.jpg 768w, http:\/\/www.vsbadschoenau.ac.at\/wp-content\/uploads\/2025\/06\/IMG-20250606-WA0009-225x300.jpg 225w, http:\/\/www.vsbadschoenau.ac.at\/wp-content\/uploads\/2025\/06\/IMG-20250606-WA0009-1152x1536.jpg 1152w, http:\/\/www.vsbadschoenau.ac.at\/wp-content\/uploads\/2025\/06\/IMG-20250606-WA0009.jpg 1200w\" sizes=\"(max-width: 768px) 100vw, 768px\" \/><\/figure>\n<\/figure>\n\n\n\n<p class=\"has-text-align-center has-vivid-purple-color has-text-color\"><strong>Bernhard Putz brachte selbstgebaute Instrumente mit in den Unterricht sorgte damit f\u00fcr Begeisterung. Die Kinder durften die au\u00dfergew\u00f6hnlichen Klangk\u00f6rper ausprobieren und begleiteten damit das St\u00fcck &#8222;Die Blechblasinstrumente&#8220;. Ein musikalisches Erlebnis, das allen in Erinnerung bleiben wird. <\/strong><\/p>\n\n\n\n<p><a href=\"https:\/\/www.vsbadschoenau.ac.at\/?accordions=galerie-2024-25\">Zur\u00fcck zur Galerie<\/a><\/p>\n","protected":false},"excerpt":{"rendered":"<p>Bernhard Putz brachte selbstgebaute Instrumente mit in den Unterricht sorgte damit f\u00fcr Begeisterung. Die Kinder durften die au\u00dfergew\u00f6hnlichen Klangk\u00f6rper ausprobieren und begleiteten damit das St\u00fcck &#8222;Die Blechblasinstrumente&#8220;. Ein musikalisches Erlebnis, das allen in Erinnerung bleiben wird. Zur\u00fcck zur Galerie<\/p>\n","protected":false},"author":1,"featured_media":0,"parent":0,"menu_order":0,"comment_status":"closed","ping_status":"closed","template":"","meta":[],"_links":{"self":[{"href":"http:\/\/www.vsbadschoenau.ac.at\/index.php?rest_route=\/wp\/v2\/pages\/4074"}],"collection":[{"href":"http:\/\/www.vsbadschoenau.ac.at\/index.php?rest_route=\/wp\/v2\/pages"}],"about":[{"href":"http:\/\/www.vsbadschoenau.ac.at\/index.php?rest_route=\/wp\/v2\/types\/page"}],"author":[{"embeddable":true,"href":"http:\/\/www.vsbadschoenau.ac.at\/index.php?rest_route=\/wp\/v2\/users\/1"}],"replies":[{"embeddable":true,"href":"http:\/\/www.vsbadschoenau.ac.at\/index.php?rest_route=%2Fwp%2Fv2%2Fcomments&post=4074"}],"version-history":[{"count":2,"href":"http:\/\/www.vsbadschoenau.ac.at\/index.php?rest_route=\/wp\/v2\/pages\/4074\/revisions"}],"predecessor-version":[{"id":4082,"href":"http:\/\/www.vsbadschoenau.ac.at\/index.php?rest_route=\/wp\/v2\/pages\/4074\/revisions\/4082"}],"wp:attachment":[{"href":"http:\/\/www.vsbadschoenau.ac.at\/index.php?rest_route=%2Fwp%2Fv2%2Fmedia&parent=4074"}],"curies":[{"name":"wp","href":"https:\/\/api.w.org\/{rel}","templated":true}]}}