{"id":4098,"date":"2025-06-18T09:02:43","date_gmt":"2025-06-18T09:02:43","guid":{"rendered":"https:\/\/www.vsbadschoenau.ac.at\/?page_id=4098"},"modified":"2025-06-18T09:02:43","modified_gmt":"2025-06-18T09:02:43","slug":"singen-in-der-seniorenpension-3","status":"publish","type":"page","link":"http:\/\/www.vsbadschoenau.ac.at\/?page_id=4098","title":{"rendered":"Singen in der Seniorenpension"},"content":{"rendered":"\n<figure class=\"is-layout-flex wp-block-gallery-1 wp-block-gallery has-nested-images columns-2 is-cropped\">\n<figure class=\"wp-block-image size-large is-style-default\"><img decoding=\"async\" loading=\"lazy\" width=\"1024\" height=\"768\" data-id=\"4100\"  src=\"https:\/\/www.vsbadschoenau.ac.at\/wp-content\/uploads\/2025\/06\/IMG_1184-1024x768.jpg\" alt=\"\" class=\"wp-image-4100\" srcset=\"http:\/\/www.vsbadschoenau.ac.at\/wp-content\/uploads\/2025\/06\/IMG_1184-1024x768.jpg 1024w, http:\/\/www.vsbadschoenau.ac.at\/wp-content\/uploads\/2025\/06\/IMG_1184-300x225.jpg 300w, http:\/\/www.vsbadschoenau.ac.at\/wp-content\/uploads\/2025\/06\/IMG_1184-768x576.jpg 768w, http:\/\/www.vsbadschoenau.ac.at\/wp-content\/uploads\/2025\/06\/IMG_1184-1536x1152.jpg 1536w, http:\/\/www.vsbadschoenau.ac.at\/wp-content\/uploads\/2025\/06\/IMG_1184.jpg 2016w\" sizes=\"(max-width: 1024px) 100vw, 1024px\" \/><\/figure>\n\n\n\n<figure class=\"wp-block-image size-large is-style-default\"><img decoding=\"async\" loading=\"lazy\" width=\"1024\" height=\"768\" data-id=\"4101\"  src=\"https:\/\/www.vsbadschoenau.ac.at\/wp-content\/uploads\/2025\/06\/IMG_1186-1024x768.jpg\" alt=\"\" class=\"wp-image-4101\" srcset=\"http:\/\/www.vsbadschoenau.ac.at\/wp-content\/uploads\/2025\/06\/IMG_1186-1024x768.jpg 1024w, http:\/\/www.vsbadschoenau.ac.at\/wp-content\/uploads\/2025\/06\/IMG_1186-300x225.jpg 300w, http:\/\/www.vsbadschoenau.ac.at\/wp-content\/uploads\/2025\/06\/IMG_1186-768x576.jpg 768w, http:\/\/www.vsbadschoenau.ac.at\/wp-content\/uploads\/2025\/06\/IMG_1186-1536x1152.jpg 1536w, http:\/\/www.vsbadschoenau.ac.at\/wp-content\/uploads\/2025\/06\/IMG_1186.jpg 2016w\" sizes=\"(max-width: 1024px) 100vw, 1024px\" \/><\/figure>\n\n\n\n<figure class=\"wp-block-image size-large is-style-default\"><img decoding=\"async\" loading=\"lazy\" width=\"1024\" height=\"768\" data-id=\"4099\"  src=\"https:\/\/www.vsbadschoenau.ac.at\/wp-content\/uploads\/2025\/06\/IMG_1190-1024x768.jpg\" alt=\"\" class=\"wp-image-4099\" srcset=\"http:\/\/www.vsbadschoenau.ac.at\/wp-content\/uploads\/2025\/06\/IMG_1190-1024x768.jpg 1024w, http:\/\/www.vsbadschoenau.ac.at\/wp-content\/uploads\/2025\/06\/IMG_1190-300x225.jpg 300w, http:\/\/www.vsbadschoenau.ac.at\/wp-content\/uploads\/2025\/06\/IMG_1190-768x576.jpg 768w, http:\/\/www.vsbadschoenau.ac.at\/wp-content\/uploads\/2025\/06\/IMG_1190-1536x1152.jpg 1536w, http:\/\/www.vsbadschoenau.ac.at\/wp-content\/uploads\/2025\/06\/IMG_1190.jpg 2016w\" sizes=\"(max-width: 1024px) 100vw, 1024px\" \/><\/figure>\n\n\n\n<figure class=\"wp-block-image size-large is-style-default\"><img decoding=\"async\" loading=\"lazy\" width=\"1024\" height=\"768\" data-id=\"4102\"  src=\"https:\/\/www.vsbadschoenau.ac.at\/wp-content\/uploads\/2025\/06\/IMG_1192-1024x768.jpg\" alt=\"\" class=\"wp-image-4102\" srcset=\"http:\/\/www.vsbadschoenau.ac.at\/wp-content\/uploads\/2025\/06\/IMG_1192-1024x768.jpg 1024w, http:\/\/www.vsbadschoenau.ac.at\/wp-content\/uploads\/2025\/06\/IMG_1192-300x225.jpg 300w, http:\/\/www.vsbadschoenau.ac.at\/wp-content\/uploads\/2025\/06\/IMG_1192-768x576.jpg 768w, http:\/\/www.vsbadschoenau.ac.at\/wp-content\/uploads\/2025\/06\/IMG_1192-1536x1152.jpg 1536w, http:\/\/www.vsbadschoenau.ac.at\/wp-content\/uploads\/2025\/06\/IMG_1192.jpg 2016w\" sizes=\"(max-width: 1024px) 100vw, 1024px\" \/><\/figure>\n<\/figure>\n\n\n\n<p class=\"has-text-align-center has-luminous-vivid-orange-color has-text-color\"><strong>So wie jedes Jahr besuchten die Kinder der VS Bad Sch\u00f6nau die Seniorenpension Piacsek und pr\u00e4sentierten ihre musikalischen Darbietungen. Die Sch\u00fclerInnen wurden mit einem Eis belohnt.<\/strong><\/p>\n","protected":false},"excerpt":{"rendered":"<p>So wie jedes Jahr besuchten die Kinder der VS Bad Sch\u00f6nau die Seniorenpension Piacsek und pr\u00e4sentierten ihre musikalischen Darbietungen. Die Sch\u00fclerInnen wurden mit einem Eis belohnt.<\/p>\n","protected":false},"author":1,"featured_media":0,"parent":0,"menu_order":0,"comment_status":"closed","ping_status":"closed","template":"","meta":[],"_links":{"self":[{"href":"http:\/\/www.vsbadschoenau.ac.at\/index.php?rest_route=\/wp\/v2\/pages\/4098"}],"collection":[{"href":"http:\/\/www.vsbadschoenau.ac.at\/index.php?rest_route=\/wp\/v2\/pages"}],"about":[{"href":"http:\/\/www.vsbadschoenau.ac.at\/index.php?rest_route=\/wp\/v2\/types\/page"}],"author":[{"embeddable":true,"href":"http:\/\/www.vsbadschoenau.ac.at\/index.php?rest_route=\/wp\/v2\/users\/1"}],"replies":[{"embeddable":true,"href":"http:\/\/www.vsbadschoenau.ac.at\/index.php?rest_route=%2Fwp%2Fv2%2Fcomments&post=4098"}],"version-history":[{"count":1,"href":"http:\/\/www.vsbadschoenau.ac.at\/index.php?rest_route=\/wp\/v2\/pages\/4098\/revisions"}],"predecessor-version":[{"id":4103,"href":"http:\/\/www.vsbadschoenau.ac.at\/index.php?rest_route=\/wp\/v2\/pages\/4098\/revisions\/4103"}],"wp:attachment":[{"href":"http:\/\/www.vsbadschoenau.ac.at\/index.php?rest_route=%2Fwp%2Fv2%2Fmedia&parent=4098"}],"curies":[{"name":"wp","href":"https:\/\/api.w.org\/{rel}","templated":true}]}}