{"id":4210,"date":"2025-10-08T07:39:47","date_gmt":"2025-10-08T07:39:47","guid":{"rendered":"https:\/\/www.vsbadschoenau.ac.at\/?page_id=4210"},"modified":"2025-11-11T09:27:50","modified_gmt":"2025-11-11T09:27:50","slug":"haustiertag","status":"publish","type":"page","link":"http:\/\/www.vsbadschoenau.ac.at\/?page_id=4210","title":{"rendered":"Haustiertag"},"content":{"rendered":"\n<figure class=\"is-layout-flex wp-block-gallery-1 wp-block-gallery has-nested-images columns-2 is-cropped\">\n<figure class=\"wp-block-image size-large is-style-default\"><img decoding=\"async\" loading=\"lazy\" width=\"768\" height=\"1024\" data-id=\"4212\"  src=\"https:\/\/www.vsbadschoenau.ac.at\/wp-content\/uploads\/2025\/10\/Haustiertag1-768x1024.jpeg\" alt=\"\" class=\"wp-image-4212\" srcset=\"http:\/\/www.vsbadschoenau.ac.at\/wp-content\/uploads\/2025\/10\/Haustiertag1-768x1024.jpeg 768w, http:\/\/www.vsbadschoenau.ac.at\/wp-content\/uploads\/2025\/10\/Haustiertag1-225x300.jpeg 225w, http:\/\/www.vsbadschoenau.ac.at\/wp-content\/uploads\/2025\/10\/Haustiertag1-1152x1536.jpeg 1152w, http:\/\/www.vsbadschoenau.ac.at\/wp-content\/uploads\/2025\/10\/Haustiertag1.jpeg 1200w\" sizes=\"(max-width: 768px) 100vw, 768px\" \/><\/figure>\n\n\n\n<figure class=\"wp-block-image size-large is-style-default\"><img decoding=\"async\" loading=\"lazy\" width=\"768\" height=\"1024\" data-id=\"4211\"  src=\"https:\/\/www.vsbadschoenau.ac.at\/wp-content\/uploads\/2025\/10\/Haustiertag2-768x1024.jpeg\" alt=\"\" class=\"wp-image-4211\" srcset=\"http:\/\/www.vsbadschoenau.ac.at\/wp-content\/uploads\/2025\/10\/Haustiertag2-768x1024.jpeg 768w, http:\/\/www.vsbadschoenau.ac.at\/wp-content\/uploads\/2025\/10\/Haustiertag2-225x300.jpeg 225w, http:\/\/www.vsbadschoenau.ac.at\/wp-content\/uploads\/2025\/10\/Haustiertag2-1152x1536.jpeg 1152w, http:\/\/www.vsbadschoenau.ac.at\/wp-content\/uploads\/2025\/10\/Haustiertag2.jpeg 1200w\" sizes=\"(max-width: 768px) 100vw, 768px\" \/><\/figure>\n\n\n\n<figure class=\"wp-block-image size-large is-style-default\"><img decoding=\"async\" loading=\"lazy\" width=\"768\" height=\"1024\" data-id=\"4213\"  src=\"https:\/\/www.vsbadschoenau.ac.at\/wp-content\/uploads\/2025\/10\/Haustiertag3-768x1024.jpeg\" alt=\"\" class=\"wp-image-4213\" srcset=\"http:\/\/www.vsbadschoenau.ac.at\/wp-content\/uploads\/2025\/10\/Haustiertag3-768x1024.jpeg 768w, http:\/\/www.vsbadschoenau.ac.at\/wp-content\/uploads\/2025\/10\/Haustiertag3-225x300.jpeg 225w, http:\/\/www.vsbadschoenau.ac.at\/wp-content\/uploads\/2025\/10\/Haustiertag3-1152x1536.jpeg 1152w, http:\/\/www.vsbadschoenau.ac.at\/wp-content\/uploads\/2025\/10\/Haustiertag3.jpeg 1200w\" sizes=\"(max-width: 768px) 100vw, 768px\" \/><\/figure>\n\n\n\n<figure class=\"wp-block-image size-large is-style-default\"><img decoding=\"async\" loading=\"lazy\" width=\"768\" height=\"1024\" data-id=\"4214\"  src=\"https:\/\/www.vsbadschoenau.ac.at\/wp-content\/uploads\/2025\/10\/Haustiertag4-768x1024.jpeg\" alt=\"\" class=\"wp-image-4214\" srcset=\"http:\/\/www.vsbadschoenau.ac.at\/wp-content\/uploads\/2025\/10\/Haustiertag4-768x1024.jpeg 768w, http:\/\/www.vsbadschoenau.ac.at\/wp-content\/uploads\/2025\/10\/Haustiertag4-225x300.jpeg 225w, http:\/\/www.vsbadschoenau.ac.at\/wp-content\/uploads\/2025\/10\/Haustiertag4-1152x1536.jpeg 1152w, http:\/\/www.vsbadschoenau.ac.at\/wp-content\/uploads\/2025\/10\/Haustiertag4.jpeg 1200w\" sizes=\"(max-width: 768px) 100vw, 768px\" \/><\/figure>\n<\/figure>\n\n\n\n<p class=\"has-text-align-center\"><strong><mark style=\"background-color:rgba(0, 0, 0, 0)\" class=\"has-inline-color has-vivid-cyan-blue-color\">Die Sch\u00fclerinnen und Sch\u00fcler der 1. und 2. Schulstufe durften beim Haustiertag einige tierische G\u00e4ste begr\u00fc\u00dfen! &#x1f436;&#x1f431;&#x1f426;<\/mark><\/strong><\/p>\n\n\n\n<p class=\"has-text-align-center\"><strong><mark style=\"background-color:rgba(0, 0, 0, 0)\" class=\"has-inline-color has-vivid-purple-color\">Mit gro\u00dfer Begeisterung beobachteten die Kinder die neugierige Wachtel, streichelten die zutraulichen Katzen und freuten sich besonders \u00fcber den Besuch eines freundlichen Hundes. Dabei lernten sie viel \u00fcber den richtigen Umgang mit Tieren, ihre Bed\u00fcrfnisse und dar\u00fcber, wie man Verantwortung f\u00fcr ein Haustier \u00fcbernimmt.<\/mark><\/strong><\/p>\n\n\n\n<p class=\"has-text-align-center\"><mark style=\"background-color:rgba(0, 0, 0, 0)\" class=\"has-inline-color has-vivid-red-color\"><strong>Ein herzliches Dankesch\u00f6n an die Eltern, die ihre Tiere mitgebracht und sich Zeit genommen haben.<\/strong><\/mark><\/p>\n\n\n\n<p><a href=\"https:\/\/www.vsbadschoenau.ac.at\/?accordions=galerie-2025-26\">Zur\u00fcck zur Galerie<\/a><\/p>\n","protected":false},"excerpt":{"rendered":"<p>Die Sch\u00fclerinnen und Sch\u00fcler der 1. und 2. Schulstufe durften beim Haustiertag einige tierische G\u00e4ste begr\u00fc\u00dfen! &#x1f436;&#x1f431;&#x1f426; Mit gro\u00dfer Begeisterung beobachteten die Kinder die neugierige Wachtel, streichelten die zutraulichen Katzen und freuten sich besonders \u00fcber den Besuch eines freundlichen Hundes. Dabei lernten sie viel \u00fcber den richtigen Umgang mit Tieren, ihre Bed\u00fcrfnisse und dar\u00fcber, wie [&hellip;]<\/p>\n","protected":false},"author":1,"featured_media":0,"parent":0,"menu_order":0,"comment_status":"closed","ping_status":"closed","template":"","meta":[],"_links":{"self":[{"href":"http:\/\/www.vsbadschoenau.ac.at\/index.php?rest_route=\/wp\/v2\/pages\/4210"}],"collection":[{"href":"http:\/\/www.vsbadschoenau.ac.at\/index.php?rest_route=\/wp\/v2\/pages"}],"about":[{"href":"http:\/\/www.vsbadschoenau.ac.at\/index.php?rest_route=\/wp\/v2\/types\/page"}],"author":[{"embeddable":true,"href":"http:\/\/www.vsbadschoenau.ac.at\/index.php?rest_route=\/wp\/v2\/users\/1"}],"replies":[{"embeddable":true,"href":"http:\/\/www.vsbadschoenau.ac.at\/index.php?rest_route=%2Fwp%2Fv2%2Fcomments&post=4210"}],"version-history":[{"count":2,"href":"http:\/\/www.vsbadschoenau.ac.at\/index.php?rest_route=\/wp\/v2\/pages\/4210\/revisions"}],"predecessor-version":[{"id":4242,"href":"http:\/\/www.vsbadschoenau.ac.at\/index.php?rest_route=\/wp\/v2\/pages\/4210\/revisions\/4242"}],"wp:attachment":[{"href":"http:\/\/www.vsbadschoenau.ac.at\/index.php?rest_route=%2Fwp%2Fv2%2Fmedia&parent=4210"}],"curies":[{"name":"wp","href":"https:\/\/api.w.org\/{rel}","templated":true}]}}