{"id":4296,"date":"2026-01-16T07:22:32","date_gmt":"2026-01-16T07:22:32","guid":{"rendered":"https:\/\/www.vsbadschoenau.ac.at\/?page_id=4296"},"modified":"2026-03-09T10:51:52","modified_gmt":"2026-03-09T10:51:52","slug":"singen-im-seniorenheim","status":"publish","type":"page","link":"http:\/\/www.vsbadschoenau.ac.at\/?page_id=4296","title":{"rendered":"Singen im Seniorenheim"},"content":{"rendered":"\n<figure class=\"is-layout-flex wp-block-gallery-1 wp-block-gallery has-nested-images columns-default is-cropped\">\n<figure class=\"wp-block-image size-large is-style-default\"><img decoding=\"async\" loading=\"lazy\" width=\"768\" height=\"1024\" data-id=\"4297\"  src=\"https:\/\/www.vsbadschoenau.ac.at\/wp-content\/uploads\/2026\/01\/SingenSeniorenheim1-768x1024.jpeg\" alt=\"\" class=\"wp-image-4297\" srcset=\"http:\/\/www.vsbadschoenau.ac.at\/wp-content\/uploads\/2026\/01\/SingenSeniorenheim1-768x1024.jpeg 768w, http:\/\/www.vsbadschoenau.ac.at\/wp-content\/uploads\/2026\/01\/SingenSeniorenheim1-225x300.jpeg 225w, http:\/\/www.vsbadschoenau.ac.at\/wp-content\/uploads\/2026\/01\/SingenSeniorenheim1-1152x1536.jpeg 1152w, http:\/\/www.vsbadschoenau.ac.at\/wp-content\/uploads\/2026\/01\/SingenSeniorenheim1.jpeg 1200w\" sizes=\"(max-width: 768px) 100vw, 768px\" \/><\/figure>\n\n\n\n<figure class=\"wp-block-image size-large is-style-default\"><img decoding=\"async\" loading=\"lazy\" width=\"768\" height=\"1024\" data-id=\"4298\"  src=\"https:\/\/www.vsbadschoenau.ac.at\/wp-content\/uploads\/2026\/01\/SingenSeniorenheim2-768x1024.jpeg\" alt=\"\" class=\"wp-image-4298\" srcset=\"http:\/\/www.vsbadschoenau.ac.at\/wp-content\/uploads\/2026\/01\/SingenSeniorenheim2-768x1024.jpeg 768w, http:\/\/www.vsbadschoenau.ac.at\/wp-content\/uploads\/2026\/01\/SingenSeniorenheim2-225x300.jpeg 225w, http:\/\/www.vsbadschoenau.ac.at\/wp-content\/uploads\/2026\/01\/SingenSeniorenheim2-1152x1536.jpeg 1152w, http:\/\/www.vsbadschoenau.ac.at\/wp-content\/uploads\/2026\/01\/SingenSeniorenheim2.jpeg 1200w\" sizes=\"(max-width: 768px) 100vw, 768px\" \/><\/figure>\n\n\n\n<figure class=\"wp-block-image size-large is-style-default\"><img decoding=\"async\" loading=\"lazy\" width=\"768\" height=\"1024\" data-id=\"4299\"  src=\"https:\/\/www.vsbadschoenau.ac.at\/wp-content\/uploads\/2026\/01\/Singenseniorenheim3-768x1024.jpeg\" alt=\"\" class=\"wp-image-4299\" srcset=\"http:\/\/www.vsbadschoenau.ac.at\/wp-content\/uploads\/2026\/01\/Singenseniorenheim3-768x1024.jpeg 768w, http:\/\/www.vsbadschoenau.ac.at\/wp-content\/uploads\/2026\/01\/Singenseniorenheim3-225x300.jpeg 225w, http:\/\/www.vsbadschoenau.ac.at\/wp-content\/uploads\/2026\/01\/Singenseniorenheim3-1152x1536.jpeg 1152w, http:\/\/www.vsbadschoenau.ac.at\/wp-content\/uploads\/2026\/01\/Singenseniorenheim3.jpeg 1200w\" sizes=\"(max-width: 768px) 100vw, 768px\" \/><\/figure>\n<\/figure>\n\n\n\n<p class=\"has-text-align-center has-vivid-red-color has-text-color\"><strong>Auch heuer wieder sangen wir Weihnachtslieder f\u00fcr und mit den Bewohnern der Seniorenpension Piacsek. Wir w\u00fcnschen frohe Weihnachten!<\/strong><\/p>\n\n\n\n<p><a href=\"https:\/\/www.vsbadschoenau.ac.at\/?accordions=galerie-2025-26\">Zur\u00fcck zur Galerie<\/a><\/p>\n","protected":false},"excerpt":{"rendered":"<p>Auch heuer wieder sangen wir Weihnachtslieder f\u00fcr und mit den Bewohnern der Seniorenpension Piacsek. Wir w\u00fcnschen frohe Weihnachten! Zur\u00fcck zur Galerie<\/p>\n","protected":false},"author":1,"featured_media":0,"parent":0,"menu_order":0,"comment_status":"closed","ping_status":"closed","template":"","meta":[],"_links":{"self":[{"href":"http:\/\/www.vsbadschoenau.ac.at\/index.php?rest_route=\/wp\/v2\/pages\/4296"}],"collection":[{"href":"http:\/\/www.vsbadschoenau.ac.at\/index.php?rest_route=\/wp\/v2\/pages"}],"about":[{"href":"http:\/\/www.vsbadschoenau.ac.at\/index.php?rest_route=\/wp\/v2\/types\/page"}],"author":[{"embeddable":true,"href":"http:\/\/www.vsbadschoenau.ac.at\/index.php?rest_route=\/wp\/v2\/users\/1"}],"replies":[{"embeddable":true,"href":"http:\/\/www.vsbadschoenau.ac.at\/index.php?rest_route=%2Fwp%2Fv2%2Fcomments&post=4296"}],"version-history":[{"count":2,"href":"http:\/\/www.vsbadschoenau.ac.at\/index.php?rest_route=\/wp\/v2\/pages\/4296\/revisions"}],"predecessor-version":[{"id":4342,"href":"http:\/\/www.vsbadschoenau.ac.at\/index.php?rest_route=\/wp\/v2\/pages\/4296\/revisions\/4342"}],"wp:attachment":[{"href":"http:\/\/www.vsbadschoenau.ac.at\/index.php?rest_route=%2Fwp%2Fv2%2Fmedia&parent=4296"}],"curies":[{"name":"wp","href":"https:\/\/api.w.org\/{rel}","templated":true}]}}