{"id":4331,"date":"2026-03-09T10:41:03","date_gmt":"2026-03-09T10:41:03","guid":{"rendered":"https:\/\/www.vsbadschoenau.ac.at\/?page_id=4331"},"modified":"2026-03-09T10:49:37","modified_gmt":"2026-03-09T10:49:37","slug":"flossen-weg","status":"publish","type":"page","link":"http:\/\/www.vsbadschoenau.ac.at\/?page_id=4331","title":{"rendered":"Flossen WEG!"},"content":{"rendered":"<div class=\"wp-block-image is-style-default\">\n<figure class=\"aligncenter size-large\"><a href=\"https:\/\/www.vsbadschoenau.ac.at\/wp-content\/uploads\/2026\/03\/FlossenWEG-2.jpeg\"><img decoding=\"async\" loading=\"lazy\" width=\"768\" height=\"1024\" src=\"https:\/\/www.vsbadschoenau.ac.at\/wp-content\/uploads\/2026\/03\/FlossenWEG-2-768x1024.jpeg\" alt=\"\" class=\"wp-image-4332\" srcset=\"http:\/\/www.vsbadschoenau.ac.at\/wp-content\/uploads\/2026\/03\/FlossenWEG-2-768x1024.jpeg 768w, http:\/\/www.vsbadschoenau.ac.at\/wp-content\/uploads\/2026\/03\/FlossenWEG-2-225x300.jpeg 225w, http:\/\/www.vsbadschoenau.ac.at\/wp-content\/uploads\/2026\/03\/FlossenWEG-2-1152x1536.jpeg 1152w, http:\/\/www.vsbadschoenau.ac.at\/wp-content\/uploads\/2026\/03\/FlossenWEG-2.jpeg 1200w\" sizes=\"(max-width: 768px) 100vw, 768px\" \/><\/a><\/figure><\/div>\n\n\n<p class=\"has-text-align-center has-vivid-cyan-blue-color has-text-color\"><strong>Durch eine Initiative von Soroptimist Club Wiener Neustadt wurden unserer 1. Klasse ein tolles Buch mit dem Titel \u201eFlossen weg\u201c zur Verf\u00fcgung gestellt.<\/strong><\/p>\n\n\n\n<p class=\"has-text-align-center has-vivid-cyan-blue-color has-text-color\"><strong>Das Buch soll Kindern im Alter von f\u00fcnf bis acht Jahren helfen, ein Bewusstsein f\u00fcr \u00fcbergriffiges Verhalten zu entwickeln. Das Buch hilft den Kindern, zwischen guten und schlechten Gef\u00fchlen zu unterscheiden und auf ihre Empfindungen zu vertrauen. Mithilfe von Bildern und eines Malbuches wollen die Autoren vermitteln, dass der eigene K\u00f6rper nur den Kindern selbst geh\u00f6rt und sie sich vor Grenz\u00fcberschreitungen sch\u00fctzen d\u00fcrfen.<\/strong><\/p>\n\n\n\n<p><a href=\"https:\/\/www.vsbadschoenau.ac.at\/?accordions=galerie-2025-26\">Zur\u00fcck zur Galerie<\/a><\/p>\n","protected":false},"excerpt":{"rendered":"<p>Durch eine Initiative von Soroptimist Club Wiener Neustadt wurden unserer 1. Klasse ein tolles Buch mit dem Titel \u201eFlossen weg\u201c zur Verf\u00fcgung gestellt. Das Buch soll Kindern im Alter von f\u00fcnf bis acht Jahren helfen, ein Bewusstsein f\u00fcr \u00fcbergriffiges Verhalten zu entwickeln. Das Buch hilft den Kindern, zwischen guten und schlechten Gef\u00fchlen zu unterscheiden und [&hellip;]<\/p>\n","protected":false},"author":1,"featured_media":0,"parent":0,"menu_order":0,"comment_status":"closed","ping_status":"closed","template":"","meta":[],"_links":{"self":[{"href":"http:\/\/www.vsbadschoenau.ac.at\/index.php?rest_route=\/wp\/v2\/pages\/4331"}],"collection":[{"href":"http:\/\/www.vsbadschoenau.ac.at\/index.php?rest_route=\/wp\/v2\/pages"}],"about":[{"href":"http:\/\/www.vsbadschoenau.ac.at\/index.php?rest_route=\/wp\/v2\/types\/page"}],"author":[{"embeddable":true,"href":"http:\/\/www.vsbadschoenau.ac.at\/index.php?rest_route=\/wp\/v2\/users\/1"}],"replies":[{"embeddable":true,"href":"http:\/\/www.vsbadschoenau.ac.at\/index.php?rest_route=%2Fwp%2Fv2%2Fcomments&post=4331"}],"version-history":[{"count":2,"href":"http:\/\/www.vsbadschoenau.ac.at\/index.php?rest_route=\/wp\/v2\/pages\/4331\/revisions"}],"predecessor-version":[{"id":4334,"href":"http:\/\/www.vsbadschoenau.ac.at\/index.php?rest_route=\/wp\/v2\/pages\/4331\/revisions\/4334"}],"wp:attachment":[{"href":"http:\/\/www.vsbadschoenau.ac.at\/index.php?rest_route=%2Fwp%2Fv2%2Fmedia&parent=4331"}],"curies":[{"name":"wp","href":"https:\/\/api.w.org\/{rel}","templated":true}]}}