{"id":4346,"date":"2026-04-08T07:30:23","date_gmt":"2026-04-08T07:30:23","guid":{"rendered":"https:\/\/www.vsbadschoenau.ac.at\/?page_id=4346"},"modified":"2026-04-08T07:31:26","modified_gmt":"2026-04-08T07:31:26","slug":"flurreinigung-2026","status":"publish","type":"page","link":"http:\/\/www.vsbadschoenau.ac.at\/?page_id=4346","title":{"rendered":"Flurreinigung 2026"},"content":{"rendered":"\n<figure class=\"is-layout-flex wp-block-gallery-1 wp-block-gallery aligncenter has-nested-images columns-2 is-cropped\">\n<figure class=\"wp-block-image size-large is-style-default\"><a href=\"https:\/\/www.vsbadschoenau.ac.at\/wp-content\/uploads\/2026\/04\/Flurreinigung2.jpeg\"><img decoding=\"async\" loading=\"lazy\" width=\"1024\" height=\"768\" data-id=\"4348\"  src=\"https:\/\/www.vsbadschoenau.ac.at\/wp-content\/uploads\/2026\/04\/Flurreinigung2-1024x768.jpeg\" alt=\"\" class=\"wp-image-4348\" srcset=\"http:\/\/www.vsbadschoenau.ac.at\/wp-content\/uploads\/2026\/04\/Flurreinigung2-1024x768.jpeg 1024w, http:\/\/www.vsbadschoenau.ac.at\/wp-content\/uploads\/2026\/04\/Flurreinigung2-300x225.jpeg 300w, http:\/\/www.vsbadschoenau.ac.at\/wp-content\/uploads\/2026\/04\/Flurreinigung2-768x576.jpeg 768w, http:\/\/www.vsbadschoenau.ac.at\/wp-content\/uploads\/2026\/04\/Flurreinigung2-1536x1152.jpeg 1536w, http:\/\/www.vsbadschoenau.ac.at\/wp-content\/uploads\/2026\/04\/Flurreinigung2.jpeg 2048w\" sizes=\"(max-width: 1024px) 100vw, 1024px\" \/><\/a><\/figure>\n\n\n\n<figure class=\"wp-block-image size-large is-style-default\"><a href=\"https:\/\/www.vsbadschoenau.ac.at\/wp-content\/uploads\/2026\/04\/Flurreinigung4.jpeg\"><img decoding=\"async\" loading=\"lazy\" width=\"1024\" height=\"768\" data-id=\"4349\"  src=\"https:\/\/www.vsbadschoenau.ac.at\/wp-content\/uploads\/2026\/04\/Flurreinigung4-1024x768.jpeg\" alt=\"\" class=\"wp-image-4349\" srcset=\"http:\/\/www.vsbadschoenau.ac.at\/wp-content\/uploads\/2026\/04\/Flurreinigung4-1024x768.jpeg 1024w, http:\/\/www.vsbadschoenau.ac.at\/wp-content\/uploads\/2026\/04\/Flurreinigung4-300x225.jpeg 300w, http:\/\/www.vsbadschoenau.ac.at\/wp-content\/uploads\/2026\/04\/Flurreinigung4-768x576.jpeg 768w, http:\/\/www.vsbadschoenau.ac.at\/wp-content\/uploads\/2026\/04\/Flurreinigung4-1536x1152.jpeg 1536w, http:\/\/www.vsbadschoenau.ac.at\/wp-content\/uploads\/2026\/04\/Flurreinigung4.jpeg 2048w\" sizes=\"(max-width: 1024px) 100vw, 1024px\" \/><\/a><\/figure>\n\n\n\n<figure class=\"wp-block-image size-large is-style-default\"><a href=\"https:\/\/www.vsbadschoenau.ac.at\/wp-content\/uploads\/2026\/04\/Flurreinigung5.jpeg\"><img decoding=\"async\" loading=\"lazy\" width=\"577\" height=\"1024\" data-id=\"4347\"  src=\"https:\/\/www.vsbadschoenau.ac.at\/wp-content\/uploads\/2026\/04\/Flurreinigung5-577x1024.jpeg\" alt=\"\" class=\"wp-image-4347\" srcset=\"http:\/\/www.vsbadschoenau.ac.at\/wp-content\/uploads\/2026\/04\/Flurreinigung5-577x1024.jpeg 577w, http:\/\/www.vsbadschoenau.ac.at\/wp-content\/uploads\/2026\/04\/Flurreinigung5-169x300.jpeg 169w, http:\/\/www.vsbadschoenau.ac.at\/wp-content\/uploads\/2026\/04\/Flurreinigung5-768x1364.jpeg 768w, http:\/\/www.vsbadschoenau.ac.at\/wp-content\/uploads\/2026\/04\/Flurreinigung5-865x1536.jpeg 865w, http:\/\/www.vsbadschoenau.ac.at\/wp-content\/uploads\/2026\/04\/Flurreinigung5.jpeg 1126w\" sizes=\"(max-width: 577px) 100vw, 577px\" \/><\/a><\/figure>\n<\/figure>\n\n\n\n<p class=\"has-text-align-center has-vivid-green-cyan-color has-text-color\"><strong>Am 20. M\u00e4rz machten sich die Kinder der Volksschule auf den Weg, um Bad Sch\u00f6nau sauberer zu machen. Es stand die j\u00e4hrliche Flurreinigung an.<br>Den Sch\u00fcler*innen hat es gro\u00dfen Spa\u00df gemacht, einen wichtigen Beitrag zu leisten und M\u00fcll einzusammeln.<br>Ein gro\u00dfes Dankesch\u00f6n geht an Mario Kleinrath, der uns wieder begleitet hat.<br>Vielen Dank auch an die Gemeinde, die den Kindern und den Lehrerinnen ein Essen im Gasthaus Koder spendierte.<\/strong><\/p>\n","protected":false},"excerpt":{"rendered":"<p>Am 20. M\u00e4rz machten sich die Kinder der Volksschule auf den Weg, um Bad Sch\u00f6nau sauberer zu machen. Es stand die j\u00e4hrliche Flurreinigung an.Den Sch\u00fcler*innen hat es gro\u00dfen Spa\u00df gemacht, einen wichtigen Beitrag zu leisten und M\u00fcll einzusammeln.Ein gro\u00dfes Dankesch\u00f6n geht an Mario Kleinrath, der uns wieder begleitet hat.Vielen Dank auch an die Gemeinde, die [&hellip;]<\/p>\n","protected":false},"author":1,"featured_media":0,"parent":0,"menu_order":0,"comment_status":"closed","ping_status":"closed","template":"","meta":[],"_links":{"self":[{"href":"http:\/\/www.vsbadschoenau.ac.at\/index.php?rest_route=\/wp\/v2\/pages\/4346"}],"collection":[{"href":"http:\/\/www.vsbadschoenau.ac.at\/index.php?rest_route=\/wp\/v2\/pages"}],"about":[{"href":"http:\/\/www.vsbadschoenau.ac.at\/index.php?rest_route=\/wp\/v2\/types\/page"}],"author":[{"embeddable":true,"href":"http:\/\/www.vsbadschoenau.ac.at\/index.php?rest_route=\/wp\/v2\/users\/1"}],"replies":[{"embeddable":true,"href":"http:\/\/www.vsbadschoenau.ac.at\/index.php?rest_route=%2Fwp%2Fv2%2Fcomments&post=4346"}],"version-history":[{"count":2,"href":"http:\/\/www.vsbadschoenau.ac.at\/index.php?rest_route=\/wp\/v2\/pages\/4346\/revisions"}],"predecessor-version":[{"id":4351,"href":"http:\/\/www.vsbadschoenau.ac.at\/index.php?rest_route=\/wp\/v2\/pages\/4346\/revisions\/4351"}],"wp:attachment":[{"href":"http:\/\/www.vsbadschoenau.ac.at\/index.php?rest_route=%2Fwp%2Fv2%2Fmedia&parent=4346"}],"curies":[{"name":"wp","href":"https:\/\/api.w.org\/{rel}","templated":true}]}}