{"id":4352,"date":"2026-04-15T07:45:48","date_gmt":"2026-04-15T07:45:48","guid":{"rendered":"https:\/\/www.vsbadschoenau.ac.at\/?page_id=4352"},"modified":"2026-04-15T07:52:36","modified_gmt":"2026-04-15T07:52:36","slug":"der-osterhase-war-da-2","status":"publish","type":"page","link":"http:\/\/www.vsbadschoenau.ac.at\/?page_id=4352","title":{"rendered":"Der Osterhase war da!"},"content":{"rendered":"\n<figure class=\"wp-block-image size-large is-style-default\"><img decoding=\"async\" loading=\"lazy\" width=\"768\" height=\"1024\" src=\"http:\/\/www.vsbadschoenau.ac.at\/wp-content\/uploads\/2026\/04\/Osterhase-768x1024.jpeg\" alt=\"\" class=\"wp-image-4353\" srcset=\"http:\/\/www.vsbadschoenau.ac.at\/wp-content\/uploads\/2026\/04\/Osterhase-768x1024.jpeg 768w, http:\/\/www.vsbadschoenau.ac.at\/wp-content\/uploads\/2026\/04\/Osterhase-225x300.jpeg 225w, http:\/\/www.vsbadschoenau.ac.at\/wp-content\/uploads\/2026\/04\/Osterhase-1152x1536.jpeg 1152w, http:\/\/www.vsbadschoenau.ac.at\/wp-content\/uploads\/2026\/04\/Osterhase.jpeg 1536w\" sizes=\"(max-width: 768px) 100vw, 768px\" \/><\/figure>\n\n\n\n<p class=\"has-text-align-center\"><strong><mark style=\"background-color:rgba(0, 0, 0, 0)\" class=\"has-inline-color has-vivid-green-cyan-color\">Das Team der VS Bad Sch\u00f6nau bedankt sich ganz herzlich beim braven Osterhasen f\u00fcr die Osternester, die die Kinder erhalten haben. Er wurde dabei tatkr\u00e4ftig von den Bewohner*innen der Seniorenpension Piacsek unterst\u00fctzt.<br>Vielen lieben Dank daf\u00fcr!<\/mark><\/strong><\/p>\n\n\n\n<p><a href=\"https:\/\/www.vsbadschoenau.ac.at\/?accordions=galerie-2025-26\">Zur\u00fcck zur Galerie<\/a><\/p>\n","protected":false},"excerpt":{"rendered":"<p>Das Team der VS Bad Sch\u00f6nau bedankt sich ganz herzlich beim braven Osterhasen f\u00fcr die Osternester, die die Kinder erhalten haben. Er wurde dabei tatkr\u00e4ftig von den Bewohner*innen der Seniorenpension Piacsek unterst\u00fctzt.Vielen lieben Dank daf\u00fcr! Zur\u00fcck zur Galerie<\/p>\n","protected":false},"author":1,"featured_media":0,"parent":0,"menu_order":0,"comment_status":"closed","ping_status":"closed","template":"","meta":[],"_links":{"self":[{"href":"http:\/\/www.vsbadschoenau.ac.at\/index.php?rest_route=\/wp\/v2\/pages\/4352"}],"collection":[{"href":"http:\/\/www.vsbadschoenau.ac.at\/index.php?rest_route=\/wp\/v2\/pages"}],"about":[{"href":"http:\/\/www.vsbadschoenau.ac.at\/index.php?rest_route=\/wp\/v2\/types\/page"}],"author":[{"embeddable":true,"href":"http:\/\/www.vsbadschoenau.ac.at\/index.php?rest_route=\/wp\/v2\/users\/1"}],"replies":[{"embeddable":true,"href":"http:\/\/www.vsbadschoenau.ac.at\/index.php?rest_route=%2Fwp%2Fv2%2Fcomments&post=4352"}],"version-history":[{"count":2,"href":"http:\/\/www.vsbadschoenau.ac.at\/index.php?rest_route=\/wp\/v2\/pages\/4352\/revisions"}],"predecessor-version":[{"id":4355,"href":"http:\/\/www.vsbadschoenau.ac.at\/index.php?rest_route=\/wp\/v2\/pages\/4352\/revisions\/4355"}],"wp:attachment":[{"href":"http:\/\/www.vsbadschoenau.ac.at\/index.php?rest_route=%2Fwp%2Fv2%2Fmedia&parent=4352"}],"curies":[{"name":"wp","href":"https:\/\/api.w.org\/{rel}","templated":true}]}}