{"id":4357,"date":"2026-04-17T06:57:30","date_gmt":"2026-04-17T06:57:30","guid":{"rendered":"https:\/\/www.vsbadschoenau.ac.at\/?page_id=4357"},"modified":"2026-04-17T06:57:30","modified_gmt":"2026-04-17T06:57:30","slug":"kaenguru-der-mathematik","status":"publish","type":"page","link":"http:\/\/www.vsbadschoenau.ac.at\/?page_id=4357","title":{"rendered":"K\u00e4nguru der Mathematik"},"content":{"rendered":"\n<figure class=\"is-layout-flex wp-block-gallery-1 wp-block-gallery has-nested-images columns-2 is-cropped\">\n<figure class=\"wp-block-image size-large is-style-default\"><img decoding=\"async\" loading=\"lazy\" width=\"768\" height=\"1024\" data-id=\"4358\"  src=\"https:\/\/www.vsbadschoenau.ac.at\/wp-content\/uploads\/2026\/04\/1Schulstufe-768x1024.jpeg\" alt=\"\" class=\"wp-image-4358\" srcset=\"http:\/\/www.vsbadschoenau.ac.at\/wp-content\/uploads\/2026\/04\/1Schulstufe-768x1024.jpeg 768w, http:\/\/www.vsbadschoenau.ac.at\/wp-content\/uploads\/2026\/04\/1Schulstufe-225x300.jpeg 225w, http:\/\/www.vsbadschoenau.ac.at\/wp-content\/uploads\/2026\/04\/1Schulstufe-1152x1536.jpeg 1152w, http:\/\/www.vsbadschoenau.ac.at\/wp-content\/uploads\/2026\/04\/1Schulstufe.jpeg 1536w\" sizes=\"(max-width: 768px) 100vw, 768px\" \/><figcaption class=\"wp-element-caption\">1. Schulstufe<\/figcaption><\/figure>\n\n\n\n<figure class=\"wp-block-image size-large is-style-default\"><img decoding=\"async\" loading=\"lazy\" width=\"768\" height=\"1024\" data-id=\"4360\"  src=\"https:\/\/www.vsbadschoenau.ac.at\/wp-content\/uploads\/2026\/04\/2Schulstufe-768x1024.jpeg\" alt=\"\" class=\"wp-image-4360\" srcset=\"http:\/\/www.vsbadschoenau.ac.at\/wp-content\/uploads\/2026\/04\/2Schulstufe-768x1024.jpeg 768w, http:\/\/www.vsbadschoenau.ac.at\/wp-content\/uploads\/2026\/04\/2Schulstufe-225x300.jpeg 225w, http:\/\/www.vsbadschoenau.ac.at\/wp-content\/uploads\/2026\/04\/2Schulstufe-1152x1536.jpeg 1152w, http:\/\/www.vsbadschoenau.ac.at\/wp-content\/uploads\/2026\/04\/2Schulstufe.jpeg 1536w\" sizes=\"(max-width: 768px) 100vw, 768px\" \/><figcaption class=\"wp-element-caption\">2. Schulstufe<\/figcaption><\/figure>\n\n\n\n<figure class=\"wp-block-image size-large is-style-default\"><img decoding=\"async\" loading=\"lazy\" width=\"768\" height=\"1024\" data-id=\"4359\"  src=\"https:\/\/www.vsbadschoenau.ac.at\/wp-content\/uploads\/2026\/04\/3Schulstufe-768x1024.jpeg\" alt=\"\" class=\"wp-image-4359\" srcset=\"http:\/\/www.vsbadschoenau.ac.at\/wp-content\/uploads\/2026\/04\/3Schulstufe-768x1024.jpeg 768w, http:\/\/www.vsbadschoenau.ac.at\/wp-content\/uploads\/2026\/04\/3Schulstufe-225x300.jpeg 225w, http:\/\/www.vsbadschoenau.ac.at\/wp-content\/uploads\/2026\/04\/3Schulstufe-1152x1536.jpeg 1152w, http:\/\/www.vsbadschoenau.ac.at\/wp-content\/uploads\/2026\/04\/3Schulstufe.jpeg 1536w\" sizes=\"(max-width: 768px) 100vw, 768px\" \/><figcaption class=\"wp-element-caption\">3. Schulstufe<\/figcaption><\/figure>\n\n\n\n<figure class=\"wp-block-image size-large is-style-default\"><img decoding=\"async\" loading=\"lazy\" width=\"1024\" height=\"768\" data-id=\"4361\"  src=\"https:\/\/www.vsbadschoenau.ac.at\/wp-content\/uploads\/2026\/04\/4Schulstufe-1024x768.jpeg\" alt=\"\" class=\"wp-image-4361\" srcset=\"http:\/\/www.vsbadschoenau.ac.at\/wp-content\/uploads\/2026\/04\/4Schulstufe-1024x768.jpeg 1024w, http:\/\/www.vsbadschoenau.ac.at\/wp-content\/uploads\/2026\/04\/4Schulstufe-300x225.jpeg 300w, http:\/\/www.vsbadschoenau.ac.at\/wp-content\/uploads\/2026\/04\/4Schulstufe-768x576.jpeg 768w, http:\/\/www.vsbadschoenau.ac.at\/wp-content\/uploads\/2026\/04\/4Schulstufe-1536x1152.jpeg 1536w, http:\/\/www.vsbadschoenau.ac.at\/wp-content\/uploads\/2026\/04\/4Schulstufe.jpeg 2048w\" sizes=\"(max-width: 1024px) 100vw, 1024px\" \/><figcaption class=\"wp-element-caption\">4. Schulstufe<\/figcaption><\/figure>\n\n\n\n<figure class=\"wp-block-image size-large is-style-default\"><img decoding=\"async\" loading=\"lazy\" width=\"768\" height=\"1024\" data-id=\"4362\"  src=\"https:\/\/www.vsbadschoenau.ac.at\/wp-content\/uploads\/2026\/04\/Schulsieger-768x1024.jpeg\" alt=\"\" class=\"wp-image-4362\" srcset=\"http:\/\/www.vsbadschoenau.ac.at\/wp-content\/uploads\/2026\/04\/Schulsieger-768x1024.jpeg 768w, http:\/\/www.vsbadschoenau.ac.at\/wp-content\/uploads\/2026\/04\/Schulsieger-225x300.jpeg 225w, http:\/\/www.vsbadschoenau.ac.at\/wp-content\/uploads\/2026\/04\/Schulsieger-1152x1536.jpeg 1152w, http:\/\/www.vsbadschoenau.ac.at\/wp-content\/uploads\/2026\/04\/Schulsieger.jpeg 1536w\" sizes=\"(max-width: 768px) 100vw, 768px\" \/><figcaption class=\"wp-element-caption\">Unsere Schulsieger!<\/figcaption><\/figure>\n<\/figure>\n\n\n\n<p class=\"has-text-align-center has-vivid-cyan-blue-color has-text-color\"><strong>K\u00e4nguru der Mathematik\u00a0ist ein Multiple-Choice-Wettbewerb mit vielf\u00e4ltigen Aufgaben zum Knobeln, zum Gr\u00fcbeln, zum Rechnen und zum Sch\u00e4tzen, der vor allem Freude an der Besch\u00e4ftigung mit Mathematik wecken soll. Hier sieht man unsere stolzen Klassen- und Schulsieger! <\/strong><\/p>\n","protected":false},"excerpt":{"rendered":"<p>K\u00e4nguru der Mathematik\u00a0ist ein Multiple-Choice-Wettbewerb mit vielf\u00e4ltigen Aufgaben zum Knobeln, zum Gr\u00fcbeln, zum Rechnen und zum Sch\u00e4tzen, der vor allem Freude an der Besch\u00e4ftigung mit Mathematik wecken soll. Hier sieht man unsere stolzen Klassen- und Schulsieger!<\/p>\n","protected":false},"author":1,"featured_media":0,"parent":0,"menu_order":0,"comment_status":"closed","ping_status":"closed","template":"","meta":[],"_links":{"self":[{"href":"http:\/\/www.vsbadschoenau.ac.at\/index.php?rest_route=\/wp\/v2\/pages\/4357"}],"collection":[{"href":"http:\/\/www.vsbadschoenau.ac.at\/index.php?rest_route=\/wp\/v2\/pages"}],"about":[{"href":"http:\/\/www.vsbadschoenau.ac.at\/index.php?rest_route=\/wp\/v2\/types\/page"}],"author":[{"embeddable":true,"href":"http:\/\/www.vsbadschoenau.ac.at\/index.php?rest_route=\/wp\/v2\/users\/1"}],"replies":[{"embeddable":true,"href":"http:\/\/www.vsbadschoenau.ac.at\/index.php?rest_route=%2Fwp%2Fv2%2Fcomments&post=4357"}],"version-history":[{"count":1,"href":"http:\/\/www.vsbadschoenau.ac.at\/index.php?rest_route=\/wp\/v2\/pages\/4357\/revisions"}],"predecessor-version":[{"id":4363,"href":"http:\/\/www.vsbadschoenau.ac.at\/index.php?rest_route=\/wp\/v2\/pages\/4357\/revisions\/4363"}],"wp:attachment":[{"href":"http:\/\/www.vsbadschoenau.ac.at\/index.php?rest_route=%2Fwp%2Fv2%2Fmedia&parent=4357"}],"curies":[{"name":"wp","href":"https:\/\/api.w.org\/{rel}","templated":true}]}}